{"id":3004,"date":"2025-04-19T12:00:50","date_gmt":"2025-04-19T10:00:50","guid":{"rendered":"https:\/\/www.marteling.lu\/?post_type=product&#038;p=3004"},"modified":"2025-04-19T12:06:29","modified_gmt":"2025-04-19T10:06:29","slug":"lecker","status":"publish","type":"product","link":"https:\/\/www.marteling.lu\/?product=lecker","title":{"rendered":"Tasche Lecker"},"content":{"rendered":"<p>Gourmets<\/p>\n<p>Eine sch\u00f6ne Einkaufstasche ist nicht nur umweltfreundlich, sondern auch praktisch und stilvoll. Sie vermeidet Einwegplastik, h\u00e4lt schwere Eink\u00e4ufe besser und bringt Freude bei jedem Einkauf. So wird Nachhaltigkeit ganz einfach zum modischen Begleiter.<\/p>\n<p><img loading=\"lazy\" decoding=\"async\" class=\"alignnone size-thumbnail wp-image-2981\" src=\"https:\/\/www.marteling.lu\/wp-content\/uploads\/2025\/04\/CM_L2319-150x150.jpg\" alt=\"\" width=\"150\" height=\"150\" srcset=\"https:\/\/www.marteling.lu\/wp-content\/uploads\/2025\/04\/CM_L2319-150x150.jpg 150w, https:\/\/www.marteling.lu\/wp-content\/uploads\/2025\/04\/CM_L2319-533x533.jpg 533w, https:\/\/www.marteling.lu\/wp-content\/uploads\/2025\/04\/CM_L2319-100x100.jpg 100w\" sizes=\"auto, (max-width: 150px) 100vw, 150px\" \/><\/p>\n","protected":false},"excerpt":{"rendered":"<p>Gourmets Eine sch\u00f6ne Einkaufstasche ist nicht nur umweltfreundlich, sondern auch praktisch und stilvoll. Sie vermeidet Einwegplastik, h\u00e4lt schwere Eink\u00e4ufe besser und bringt Freude bei jedem Einkauf. So wird Nachhaltigkeit ganz einfach zum modischen Begleiter.<\/p>\n","protected":false},"featured_media":2981,"comment_status":"open","ping_status":"closed","template":"","meta":[],"product_brand":[],"product_cat":[196],"product_tag":[224,223,222,225,197],"class_list":{"0":"post-3004","1":"product","2":"type-product","3":"status-publish","4":"has-post-thumbnail","6":"product_cat-tasche","7":"product_tag-croissant","8":"product_tag-gourmet","9":"product_tag-lecker","10":"product_tag-shop","11":"product_tag-tasche","13":"first","14":"instock","15":"taxable","16":"shipping-taxable","17":"purchasable","18":"product-type-simple"},"yoast_head":"<!-- This site is optimized with the Yoast SEO plugin v25.4 - https:\/\/yoast.com\/wordpress\/plugins\/seo\/ -->\n<title>Tasche Lecker - Claudine Marteling Photography<\/title>\n<meta name=\"robots\" content=\"index, follow, max-snippet:-1, max-image-preview:large, max-video-preview:-1\" \/>\n<link rel=\"canonical\" href=\"https:\/\/www.marteling.lu\/produkt\/lecker\/\" \/>\n<meta property=\"og:locale\" content=\"de_DE\" \/>\n<meta property=\"og:type\" content=\"article\" \/>\n<meta property=\"og:title\" content=\"Tasche Lecker - Claudine Marteling Photography\" \/>\n<meta property=\"og:description\" content=\"Gourmets Eine sch\u00f6ne Einkaufstasche ist nicht nur umweltfreundlich, sondern auch praktisch und stilvoll. Sie vermeidet Einwegplastik, h\u00e4lt schwere Eink\u00e4ufe besser und bringt Freude bei jedem Einkauf. So wird Nachhaltigkeit ganz einfach zum modischen Begleiter.\" \/>\n<meta property=\"og:url\" content=\"https:\/\/www.marteling.lu\/produkt\/lecker\/\" \/>\n<meta property=\"og:site_name\" content=\"Claudine Marteling Photography\" \/>\n<meta property=\"article:publisher\" content=\"https:\/\/www.facebook.com\/www.photographybycloclo.eu\/\" \/>\n<meta property=\"article:modified_time\" content=\"2025-04-19T10:06:29+00:00\" \/>\n<meta property=\"og:image\" content=\"https:\/\/www.marteling.lu\/wp-content\/uploads\/2025\/04\/CM_L2319.jpg\" \/>\n\t<meta property=\"og:image:width\" content=\"886\" \/>\n\t<meta property=\"og:image:height\" content=\"591\" \/>\n\t<meta property=\"og:image:type\" content=\"image\/jpeg\" \/>\n<meta name=\"twitter:card\" content=\"summary_large_image\" \/>\n<meta name=\"twitter:label1\" content=\"Gesch\u00e4tzte Lesezeit\" \/>\n\t<meta name=\"twitter:data1\" content=\"1\u00a0Minute\" \/>\n<script type=\"application\/ld+json\" class=\"yoast-schema-graph\">{\"@context\":\"https:\/\/schema.org\",\"@graph\":[{\"@type\":\"WebPage\",\"@id\":\"https:\/\/www.marteling.lu\/produkt\/lecker\/\",\"url\":\"https:\/\/www.marteling.lu\/produkt\/lecker\/\",\"name\":\"Tasche Lecker - Claudine Marteling Photography\",\"isPartOf\":{\"@id\":\"https:\/\/www.marteling.lu\/#website\"},\"primaryImageOfPage\":{\"@id\":\"https:\/\/www.marteling.lu\/produkt\/lecker\/#primaryimage\"},\"image\":{\"@id\":\"https:\/\/www.marteling.lu\/produkt\/lecker\/#primaryimage\"},\"thumbnailUrl\":\"https:\/\/www.marteling.lu\/wp-content\/uploads\/2025\/04\/CM_L2319.jpg\",\"datePublished\":\"2025-04-19T10:00:50+00:00\",\"dateModified\":\"2025-04-19T10:06:29+00:00\",\"breadcrumb\":{\"@id\":\"https:\/\/www.marteling.lu\/produkt\/lecker\/#breadcrumb\"},\"inLanguage\":\"de\",\"potentialAction\":[{\"@type\":\"ReadAction\",\"target\":[\"https:\/\/www.marteling.lu\/produkt\/lecker\/\"]}]},{\"@type\":\"ImageObject\",\"inLanguage\":\"de\",\"@id\":\"https:\/\/www.marteling.lu\/produkt\/lecker\/#primaryimage\",\"url\":\"https:\/\/www.marteling.lu\/wp-content\/uploads\/2025\/04\/CM_L2319.jpg\",\"contentUrl\":\"https:\/\/www.marteling.lu\/wp-content\/uploads\/2025\/04\/CM_L2319.jpg\",\"width\":886,\"height\":591},{\"@type\":\"BreadcrumbList\",\"@id\":\"https:\/\/www.marteling.lu\/produkt\/lecker\/#breadcrumb\",\"itemListElement\":[{\"@type\":\"ListItem\",\"position\":1,\"name\":\"Home\",\"item\":\"https:\/\/www.marteling.lu\/\"},{\"@type\":\"ListItem\",\"position\":2,\"name\":\"Tasche Lecker\"}]},{\"@type\":\"WebSite\",\"@id\":\"https:\/\/www.marteling.lu\/#website\",\"url\":\"https:\/\/www.marteling.lu\/\",\"name\":\"Claudine Marteling Photography\",\"description\":\"Professsional Family Photography &amp; Macro Photography\",\"potentialAction\":[{\"@type\":\"SearchAction\",\"target\":{\"@type\":\"EntryPoint\",\"urlTemplate\":\"https:\/\/www.marteling.lu\/?s={search_term_string}\"},\"query-input\":{\"@type\":\"PropertyValueSpecification\",\"valueRequired\":true,\"valueName\":\"search_term_string\"}}],\"inLanguage\":\"de\"}]}<\/script>\n<!-- \/ Yoast SEO plugin. -->","yoast_head_json":{"title":"Tasche Lecker - Claudine Marteling Photography","robots":{"index":"index","follow":"follow","max-snippet":"max-snippet:-1","max-image-preview":"max-image-preview:large","max-video-preview":"max-video-preview:-1"},"canonical":"https:\/\/www.marteling.lu\/produkt\/lecker\/","og_locale":"de_DE","og_type":"article","og_title":"Tasche Lecker - Claudine Marteling Photography","og_description":"Gourmets Eine sch\u00f6ne Einkaufstasche ist nicht nur umweltfreundlich, sondern auch praktisch und stilvoll. Sie vermeidet Einwegplastik, h\u00e4lt schwere Eink\u00e4ufe besser und bringt Freude bei jedem Einkauf. So wird Nachhaltigkeit ganz einfach zum modischen Begleiter.","og_url":"https:\/\/www.marteling.lu\/produkt\/lecker\/","og_site_name":"Claudine Marteling Photography","article_publisher":"https:\/\/www.facebook.com\/www.photographybycloclo.eu\/","article_modified_time":"2025-04-19T10:06:29+00:00","og_image":[{"width":886,"height":591,"url":"https:\/\/www.marteling.lu\/wp-content\/uploads\/2025\/04\/CM_L2319.jpg","type":"image\/jpeg"}],"twitter_card":"summary_large_image","twitter_misc":{"Gesch\u00e4tzte Lesezeit":"1\u00a0Minute"},"schema":{"@context":"https:\/\/schema.org","@graph":[{"@type":"WebPage","@id":"https:\/\/www.marteling.lu\/produkt\/lecker\/","url":"https:\/\/www.marteling.lu\/produkt\/lecker\/","name":"Tasche Lecker - Claudine Marteling Photography","isPartOf":{"@id":"https:\/\/www.marteling.lu\/#website"},"primaryImageOfPage":{"@id":"https:\/\/www.marteling.lu\/produkt\/lecker\/#primaryimage"},"image":{"@id":"https:\/\/www.marteling.lu\/produkt\/lecker\/#primaryimage"},"thumbnailUrl":"https:\/\/www.marteling.lu\/wp-content\/uploads\/2025\/04\/CM_L2319.jpg","datePublished":"2025-04-19T10:00:50+00:00","dateModified":"2025-04-19T10:06:29+00:00","breadcrumb":{"@id":"https:\/\/www.marteling.lu\/produkt\/lecker\/#breadcrumb"},"inLanguage":"de","potentialAction":[{"@type":"ReadAction","target":["https:\/\/www.marteling.lu\/produkt\/lecker\/"]}]},{"@type":"ImageObject","inLanguage":"de","@id":"https:\/\/www.marteling.lu\/produkt\/lecker\/#primaryimage","url":"https:\/\/www.marteling.lu\/wp-content\/uploads\/2025\/04\/CM_L2319.jpg","contentUrl":"https:\/\/www.marteling.lu\/wp-content\/uploads\/2025\/04\/CM_L2319.jpg","width":886,"height":591},{"@type":"BreadcrumbList","@id":"https:\/\/www.marteling.lu\/produkt\/lecker\/#breadcrumb","itemListElement":[{"@type":"ListItem","position":1,"name":"Home","item":"https:\/\/www.marteling.lu\/"},{"@type":"ListItem","position":2,"name":"Tasche Lecker"}]},{"@type":"WebSite","@id":"https:\/\/www.marteling.lu\/#website","url":"https:\/\/www.marteling.lu\/","name":"Claudine Marteling Photography","description":"Professsional Family Photography &amp; Macro Photography","potentialAction":[{"@type":"SearchAction","target":{"@type":"EntryPoint","urlTemplate":"https:\/\/www.marteling.lu\/?s={search_term_string}"},"query-input":{"@type":"PropertyValueSpecification","valueRequired":true,"valueName":"search_term_string"}}],"inLanguage":"de"}]}},"_links":{"self":[{"href":"https:\/\/www.marteling.lu\/index.php?rest_route=\/wp\/v2\/product\/3004","targetHints":{"allow":["GET"]}}],"collection":[{"href":"https:\/\/www.marteling.lu\/index.php?rest_route=\/wp\/v2\/product"}],"about":[{"href":"https:\/\/www.marteling.lu\/index.php?rest_route=\/wp\/v2\/types\/product"}],"replies":[{"embeddable":true,"href":"https:\/\/www.marteling.lu\/index.php?rest_route=%2Fwp%2Fv2%2Fcomments&post=3004"}],"wp:featuredmedia":[{"embeddable":true,"href":"https:\/\/www.marteling.lu\/index.php?rest_route=\/wp\/v2\/media\/2981"}],"wp:attachment":[{"href":"https:\/\/www.marteling.lu\/index.php?rest_route=%2Fwp%2Fv2%2Fmedia&parent=3004"}],"wp:term":[{"taxonomy":"product_brand","embeddable":true,"href":"https:\/\/www.marteling.lu\/index.php?rest_route=%2Fwp%2Fv2%2Fproduct_brand&post=3004"},{"taxonomy":"product_cat","embeddable":true,"href":"https:\/\/www.marteling.lu\/index.php?rest_route=%2Fwp%2Fv2%2Fproduct_cat&post=3004"},{"taxonomy":"product_tag","embeddable":true,"href":"https:\/\/www.marteling.lu\/index.php?rest_route=%2Fwp%2Fv2%2Fproduct_tag&post=3004"}],"curies":[{"name":"wp","href":"https:\/\/api.w.org\/{rel}","templated":true}]}}