{"id":2655,"date":"2024-10-31T13:18:13","date_gmt":"2024-10-31T11:18:13","guid":{"rendered":"https:\/\/www.marteling.lu\/?post_type=product&#038;p=2655"},"modified":"2025-04-19T12:09:25","modified_gmt":"2025-04-19T10:09:25","slug":"tasche-haubentaucher","status":"publish","type":"product","link":"https:\/\/www.marteling.lu\/?product=tasche-haubentaucher","title":{"rendered":"Tasche Haubentaucher"},"content":{"rendered":"<p>&nbsp;<\/p>\n<p>Tasche Haubentaucher<\/p>\n<p>Eine sch\u00f6ne Einkaufstasche ist nicht nur umweltfreundlich, sondern auch praktisch und stilvoll. Sie vermeidet Einwegplastik, h\u00e4lt schwere Eink\u00e4ufe besser und bringt Freude bei jedem Einkauf. So wird Nachhaltigkeit ganz einfach zum modischen Begleiter.<\/p>\n<p><img loading=\"lazy\" decoding=\"async\" class=\"alignnone size-thumbnail wp-image-2980\" src=\"https:\/\/www.marteling.lu\/wp-content\/uploads\/2025\/04\/CM_L2318-150x150.jpg\" alt=\"\" width=\"150\" height=\"150\" srcset=\"https:\/\/www.marteling.lu\/wp-content\/uploads\/2025\/04\/CM_L2318-150x150.jpg 150w, https:\/\/www.marteling.lu\/wp-content\/uploads\/2025\/04\/CM_L2318-533x533.jpg 533w, https:\/\/www.marteling.lu\/wp-content\/uploads\/2025\/04\/CM_L2318-100x100.jpg 100w\" sizes=\"auto, (max-width: 150px) 100vw, 150px\" \/><\/p>\n","protected":false},"excerpt":{"rendered":"<p><img loading=\"lazy\" decoding=\"async\" class=\"alignnone size-thumbnail wp-image-2639\" src=\"https:\/\/www.marteling.lu\/wp-content\/uploads\/2024\/10\/TascheHaubentaucher-150x150.jpg\" alt=\"\" width=\"150\" height=\"150\" srcset=\"https:\/\/www.marteling.lu\/wp-content\/uploads\/2024\/10\/TascheHaubentaucher-150x150.jpg 150w, https:\/\/www.marteling.lu\/wp-content\/uploads\/2024\/10\/TascheHaubentaucher-533x533.jpg 533w, https:\/\/www.marteling.lu\/wp-content\/uploads\/2024\/10\/TascheHaubentaucher-640x640.jpg 640w, https:\/\/www.marteling.lu\/wp-content\/uploads\/2024\/10\/TascheHaubentaucher-864x864.jpg 864w, https:\/\/www.marteling.lu\/wp-content\/uploads\/2024\/10\/TascheHaubentaucher-100x100.jpg 100w\" sizes=\"auto, (max-width: 150px) 100vw, 150px\" \/> &hellip; <a href=\"https:\/\/www.marteling.lu\/?product=tasche-haubentaucher\" class=\"more-link\"><span>Continue reading<span class=\"screen-reader-text\">Tasche Haubentaucher<\/span><\/span><\/a><\/p>\n","protected":false},"featured_media":2639,"comment_status":"open","ping_status":"closed","template":"","meta":[],"product_brand":[],"product_cat":[196],"product_tag":[199,186,198,197],"class_list":{"0":"post-2655","1":"product","2":"type-product","3":"status-publish","4":"has-post-thumbnail","6":"product_cat-tasche","7":"product_tag-bag","8":"product_tag-haubentaucher","9":"product_tag-sac","10":"product_tag-tasche","12":"first","13":"instock","14":"taxable","15":"shipping-taxable","16":"purchasable","17":"product-type-simple"},"yoast_head":"<!-- This site is optimized with the Yoast SEO plugin v25.4 - https:\/\/yoast.com\/wordpress\/plugins\/seo\/ -->\n<title>Tasche Haubentaucher - Claudine Marteling Photography<\/title>\n<meta name=\"robots\" content=\"index, follow, max-snippet:-1, max-image-preview:large, max-video-preview:-1\" \/>\n<link rel=\"canonical\" href=\"https:\/\/www.marteling.lu\/produkt\/tasche-haubentaucher\/\" \/>\n<meta property=\"og:locale\" content=\"de_DE\" \/>\n<meta property=\"og:type\" content=\"article\" \/>\n<meta property=\"og:title\" content=\"Tasche Haubentaucher - Claudine Marteling Photography\" \/>\n<meta property=\"og:description\" content=\"&hellip; Continue readingTasche Haubentaucher\" \/>\n<meta property=\"og:url\" content=\"https:\/\/www.marteling.lu\/produkt\/tasche-haubentaucher\/\" \/>\n<meta property=\"og:site_name\" content=\"Claudine Marteling Photography\" \/>\n<meta property=\"article:publisher\" content=\"https:\/\/www.facebook.com\/www.photographybycloclo.eu\/\" \/>\n<meta property=\"article:modified_time\" content=\"2025-04-19T10:09:25+00:00\" \/>\n<meta property=\"og:image\" content=\"https:\/\/www.marteling.lu\/wp-content\/uploads\/2024\/10\/TascheHaubentaucher.jpg\" \/>\n\t<meta property=\"og:image:width\" content=\"1772\" \/>\n\t<meta property=\"og:image:height\" content=\"1182\" \/>\n\t<meta property=\"og:image:type\" content=\"image\/jpeg\" \/>\n<meta name=\"twitter:card\" content=\"summary_large_image\" \/>\n<meta name=\"twitter:label1\" content=\"Gesch\u00e4tzte Lesezeit\" \/>\n\t<meta name=\"twitter:data1\" content=\"1\u00a0Minute\" \/>\n<script type=\"application\/ld+json\" class=\"yoast-schema-graph\">{\"@context\":\"https:\/\/schema.org\",\"@graph\":[{\"@type\":\"WebPage\",\"@id\":\"https:\/\/www.marteling.lu\/produkt\/tasche-haubentaucher\/\",\"url\":\"https:\/\/www.marteling.lu\/produkt\/tasche-haubentaucher\/\",\"name\":\"Tasche Haubentaucher - Claudine Marteling Photography\",\"isPartOf\":{\"@id\":\"https:\/\/www.marteling.lu\/#website\"},\"primaryImageOfPage\":{\"@id\":\"https:\/\/www.marteling.lu\/produkt\/tasche-haubentaucher\/#primaryimage\"},\"image\":{\"@id\":\"https:\/\/www.marteling.lu\/produkt\/tasche-haubentaucher\/#primaryimage\"},\"thumbnailUrl\":\"https:\/\/www.marteling.lu\/wp-content\/uploads\/2024\/10\/TascheHaubentaucher.jpg\",\"datePublished\":\"2024-10-31T11:18:13+00:00\",\"dateModified\":\"2025-04-19T10:09:25+00:00\",\"breadcrumb\":{\"@id\":\"https:\/\/www.marteling.lu\/produkt\/tasche-haubentaucher\/#breadcrumb\"},\"inLanguage\":\"de\",\"potentialAction\":[{\"@type\":\"ReadAction\",\"target\":[\"https:\/\/www.marteling.lu\/produkt\/tasche-haubentaucher\/\"]}]},{\"@type\":\"ImageObject\",\"inLanguage\":\"de\",\"@id\":\"https:\/\/www.marteling.lu\/produkt\/tasche-haubentaucher\/#primaryimage\",\"url\":\"https:\/\/www.marteling.lu\/wp-content\/uploads\/2024\/10\/TascheHaubentaucher.jpg\",\"contentUrl\":\"https:\/\/www.marteling.lu\/wp-content\/uploads\/2024\/10\/TascheHaubentaucher.jpg\",\"width\":1772,\"height\":1182},{\"@type\":\"BreadcrumbList\",\"@id\":\"https:\/\/www.marteling.lu\/produkt\/tasche-haubentaucher\/#breadcrumb\",\"itemListElement\":[{\"@type\":\"ListItem\",\"position\":1,\"name\":\"Home\",\"item\":\"https:\/\/www.marteling.lu\/\"},{\"@type\":\"ListItem\",\"position\":2,\"name\":\"Tasche Haubentaucher\"}]},{\"@type\":\"WebSite\",\"@id\":\"https:\/\/www.marteling.lu\/#website\",\"url\":\"https:\/\/www.marteling.lu\/\",\"name\":\"Claudine Marteling Photography\",\"description\":\"Professsional Family Photography &amp; Macro Photography\",\"potentialAction\":[{\"@type\":\"SearchAction\",\"target\":{\"@type\":\"EntryPoint\",\"urlTemplate\":\"https:\/\/www.marteling.lu\/?s={search_term_string}\"},\"query-input\":{\"@type\":\"PropertyValueSpecification\",\"valueRequired\":true,\"valueName\":\"search_term_string\"}}],\"inLanguage\":\"de\"}]}<\/script>\n<!-- \/ Yoast SEO plugin. -->","yoast_head_json":{"title":"Tasche Haubentaucher - Claudine Marteling Photography","robots":{"index":"index","follow":"follow","max-snippet":"max-snippet:-1","max-image-preview":"max-image-preview:large","max-video-preview":"max-video-preview:-1"},"canonical":"https:\/\/www.marteling.lu\/produkt\/tasche-haubentaucher\/","og_locale":"de_DE","og_type":"article","og_title":"Tasche Haubentaucher - Claudine Marteling Photography","og_description":"&hellip; Continue readingTasche Haubentaucher","og_url":"https:\/\/www.marteling.lu\/produkt\/tasche-haubentaucher\/","og_site_name":"Claudine Marteling Photography","article_publisher":"https:\/\/www.facebook.com\/www.photographybycloclo.eu\/","article_modified_time":"2025-04-19T10:09:25+00:00","og_image":[{"width":1772,"height":1182,"url":"https:\/\/www.marteling.lu\/wp-content\/uploads\/2024\/10\/TascheHaubentaucher.jpg","type":"image\/jpeg"}],"twitter_card":"summary_large_image","twitter_misc":{"Gesch\u00e4tzte Lesezeit":"1\u00a0Minute"},"schema":{"@context":"https:\/\/schema.org","@graph":[{"@type":"WebPage","@id":"https:\/\/www.marteling.lu\/produkt\/tasche-haubentaucher\/","url":"https:\/\/www.marteling.lu\/produkt\/tasche-haubentaucher\/","name":"Tasche Haubentaucher - Claudine Marteling Photography","isPartOf":{"@id":"https:\/\/www.marteling.lu\/#website"},"primaryImageOfPage":{"@id":"https:\/\/www.marteling.lu\/produkt\/tasche-haubentaucher\/#primaryimage"},"image":{"@id":"https:\/\/www.marteling.lu\/produkt\/tasche-haubentaucher\/#primaryimage"},"thumbnailUrl":"https:\/\/www.marteling.lu\/wp-content\/uploads\/2024\/10\/TascheHaubentaucher.jpg","datePublished":"2024-10-31T11:18:13+00:00","dateModified":"2025-04-19T10:09:25+00:00","breadcrumb":{"@id":"https:\/\/www.marteling.lu\/produkt\/tasche-haubentaucher\/#breadcrumb"},"inLanguage":"de","potentialAction":[{"@type":"ReadAction","target":["https:\/\/www.marteling.lu\/produkt\/tasche-haubentaucher\/"]}]},{"@type":"ImageObject","inLanguage":"de","@id":"https:\/\/www.marteling.lu\/produkt\/tasche-haubentaucher\/#primaryimage","url":"https:\/\/www.marteling.lu\/wp-content\/uploads\/2024\/10\/TascheHaubentaucher.jpg","contentUrl":"https:\/\/www.marteling.lu\/wp-content\/uploads\/2024\/10\/TascheHaubentaucher.jpg","width":1772,"height":1182},{"@type":"BreadcrumbList","@id":"https:\/\/www.marteling.lu\/produkt\/tasche-haubentaucher\/#breadcrumb","itemListElement":[{"@type":"ListItem","position":1,"name":"Home","item":"https:\/\/www.marteling.lu\/"},{"@type":"ListItem","position":2,"name":"Tasche Haubentaucher"}]},{"@type":"WebSite","@id":"https:\/\/www.marteling.lu\/#website","url":"https:\/\/www.marteling.lu\/","name":"Claudine Marteling Photography","description":"Professsional Family Photography &amp; Macro Photography","potentialAction":[{"@type":"SearchAction","target":{"@type":"EntryPoint","urlTemplate":"https:\/\/www.marteling.lu\/?s={search_term_string}"},"query-input":{"@type":"PropertyValueSpecification","valueRequired":true,"valueName":"search_term_string"}}],"inLanguage":"de"}]}},"_links":{"self":[{"href":"https:\/\/www.marteling.lu\/index.php?rest_route=\/wp\/v2\/product\/2655","targetHints":{"allow":["GET"]}}],"collection":[{"href":"https:\/\/www.marteling.lu\/index.php?rest_route=\/wp\/v2\/product"}],"about":[{"href":"https:\/\/www.marteling.lu\/index.php?rest_route=\/wp\/v2\/types\/product"}],"replies":[{"embeddable":true,"href":"https:\/\/www.marteling.lu\/index.php?rest_route=%2Fwp%2Fv2%2Fcomments&post=2655"}],"wp:featuredmedia":[{"embeddable":true,"href":"https:\/\/www.marteling.lu\/index.php?rest_route=\/wp\/v2\/media\/2639"}],"wp:attachment":[{"href":"https:\/\/www.marteling.lu\/index.php?rest_route=%2Fwp%2Fv2%2Fmedia&parent=2655"}],"wp:term":[{"taxonomy":"product_brand","embeddable":true,"href":"https:\/\/www.marteling.lu\/index.php?rest_route=%2Fwp%2Fv2%2Fproduct_brand&post=2655"},{"taxonomy":"product_cat","embeddable":true,"href":"https:\/\/www.marteling.lu\/index.php?rest_route=%2Fwp%2Fv2%2Fproduct_cat&post=2655"},{"taxonomy":"product_tag","embeddable":true,"href":"https:\/\/www.marteling.lu\/index.php?rest_route=%2Fwp%2Fv2%2Fproduct_tag&post=2655"}],"curies":[{"name":"wp","href":"https:\/\/api.w.org\/{rel}","templated":true}]}}