{"id":2649,"date":"2024-10-31T13:07:31","date_gmt":"2024-10-31T11:07:31","guid":{"rendered":"https:\/\/www.marteling.lu\/?post_type=product&#038;p=2649"},"modified":"2025-10-21T08:46:00","modified_gmt":"2025-10-21T06:46:00","slug":"tasche-brauner-schmetterling","status":"publish","type":"product","link":"https:\/\/www.marteling.lu\/?product=tasche-brauner-schmetterling","title":{"rendered":"Tasche brauner Schmetterling"},"content":{"rendered":"<div class=\"flex max-w-full flex-col flex-grow\">\n<div class=\"min-h-8 text-message flex w-full flex-col items-end gap-2 whitespace-normal break-words [.text-message+&amp;]:mt-5\" dir=\"auto\" data-message-author-role=\"assistant\" data-message-id=\"d8a75649-7477-459b-9a0d-03913e5d703c\" data-message-model-slug=\"gpt-4o\">\n<div class=\"flex w-full flex-col gap-1 empty:hidden first:pt-[3px]\">\n<div class=\"markdown prose w-full break-words dark:prose-invert light\">\n<p>Tasche brauner Schmetterling<\/p>\n<p>Eine sch\u00f6ne Einkaufstasche ist nicht nur umweltfreundlich, sondern auch praktisch und stilvoll. Sie vermeidet Einwegplastik, h\u00e4lt schwere Eink\u00e4ufe besser und bringt Freude bei jedem Einkauf. So wird Nachhaltigkeit ganz einfach zum modischen Begleiter.<img loading=\"lazy\" decoding=\"async\" class=\"alignnone size-thumbnail wp-image-2991\" src=\"https:\/\/www.marteling.lu\/wp-content\/uploads\/2025\/04\/CM_L2329-150x150.jpg\" alt=\"\" width=\"150\" height=\"150\" srcset=\"https:\/\/www.marteling.lu\/wp-content\/uploads\/2025\/04\/CM_L2329-150x150.jpg 150w, https:\/\/www.marteling.lu\/wp-content\/uploads\/2025\/04\/CM_L2329-533x533.jpg 533w, https:\/\/www.marteling.lu\/wp-content\/uploads\/2025\/04\/CM_L2329-100x100.jpg 100w\" sizes=\"auto, (max-width: 150px) 100vw, 150px\" \/><\/p>\n<\/div>\n<\/div>\n<\/div>\n<\/div>\n","protected":false},"excerpt":{"rendered":"<p><img loading=\"lazy\" decoding=\"async\" class=\"alignnone size-thumbnail wp-image-2663\" src=\"https:\/\/www.marteling.lu\/wp-content\/uploads\/2024\/10\/TascheSchmetterlingbraun-1-150x150.jpg\" alt=\"\" width=\"150\" height=\"150\" srcset=\"https:\/\/www.marteling.lu\/wp-content\/uploads\/2024\/10\/TascheSchmetterlingbraun-1-150x150.jpg 150w, https:\/\/www.marteling.lu\/wp-content\/uploads\/2024\/10\/TascheSchmetterlingbraun-1-533x533.jpg 533w, https:\/\/www.marteling.lu\/wp-content\/uploads\/2024\/10\/TascheSchmetterlingbraun-1-640x640.jpg 640w, https:\/\/www.marteling.lu\/wp-content\/uploads\/2024\/10\/TascheSchmetterlingbraun-1-864x864.jpg 864w, https:\/\/www.marteling.lu\/wp-content\/uploads\/2024\/10\/TascheSchmetterlingbraun-1-100x100.jpg 100w\" sizes=\"auto, (max-width: 150px) 100vw, 150px\" \/> &hellip; <a href=\"https:\/\/www.marteling.lu\/?product=tasche-brauner-schmetterling\" class=\"more-link\"><span>Continue reading<span class=\"screen-reader-text\">Tasche brauner Schmetterling<\/span><\/span><\/a><\/p>\n","protected":false},"featured_media":2663,"comment_status":"open","ping_status":"closed","template":"","meta":[],"product_brand":[],"product_cat":[196],"product_tag":[199,198,200,197],"class_list":{"0":"post-2649","1":"product","2":"type-product","3":"status-publish","4":"has-post-thumbnail","6":"product_cat-tasche","7":"product_tag-bag","8":"product_tag-sac","9":"product_tag-schmetterling","10":"product_tag-tasche","12":"first","13":"outofstock","14":"taxable","15":"shipping-taxable","16":"purchasable","17":"product-type-simple"},"yoast_head":"<!-- This site is optimized with the Yoast SEO plugin v25.4 - https:\/\/yoast.com\/wordpress\/plugins\/seo\/ -->\n<title>Tasche brauner Schmetterling - Claudine Marteling Photography<\/title>\n<meta name=\"robots\" content=\"index, follow, max-snippet:-1, max-image-preview:large, max-video-preview:-1\" \/>\n<link rel=\"canonical\" href=\"https:\/\/www.marteling.lu\/?product=tasche-brauner-schmetterling\" \/>\n<meta property=\"og:locale\" content=\"de_DE\" \/>\n<meta property=\"og:type\" content=\"article\" \/>\n<meta property=\"og:title\" content=\"Tasche brauner Schmetterling - Claudine Marteling Photography\" \/>\n<meta property=\"og:description\" content=\"&hellip; Continue readingTasche brauner Schmetterling\" \/>\n<meta property=\"og:url\" content=\"https:\/\/www.marteling.lu\/?product=tasche-brauner-schmetterling\" \/>\n<meta property=\"og:site_name\" content=\"Claudine Marteling Photography\" \/>\n<meta property=\"article:publisher\" content=\"https:\/\/www.facebook.com\/www.photographybycloclo.eu\/\" \/>\n<meta property=\"article:modified_time\" content=\"2025-10-21T06:46:00+00:00\" \/>\n<meta property=\"og:image\" content=\"https:\/\/www.marteling.lu\/wp-content\/uploads\/2024\/10\/TascheSchmetterlingbraun-1.jpg\" \/>\n\t<meta property=\"og:image:width\" content=\"1772\" \/>\n\t<meta property=\"og:image:height\" content=\"1182\" \/>\n\t<meta property=\"og:image:type\" content=\"image\/jpeg\" \/>\n<meta name=\"twitter:card\" content=\"summary_large_image\" \/>\n<meta name=\"twitter:label1\" content=\"Gesch\u00e4tzte Lesezeit\" \/>\n\t<meta name=\"twitter:data1\" content=\"1\u00a0Minute\" \/>\n<script type=\"application\/ld+json\" class=\"yoast-schema-graph\">{\"@context\":\"https:\/\/schema.org\",\"@graph\":[{\"@type\":\"WebPage\",\"@id\":\"https:\/\/www.marteling.lu\/?product=tasche-brauner-schmetterling\",\"url\":\"https:\/\/www.marteling.lu\/?product=tasche-brauner-schmetterling\",\"name\":\"Tasche brauner Schmetterling - Claudine Marteling Photography\",\"isPartOf\":{\"@id\":\"https:\/\/www.marteling.lu\/#website\"},\"primaryImageOfPage\":{\"@id\":\"https:\/\/www.marteling.lu\/?product=tasche-brauner-schmetterling#primaryimage\"},\"image\":{\"@id\":\"https:\/\/www.marteling.lu\/?product=tasche-brauner-schmetterling#primaryimage\"},\"thumbnailUrl\":\"https:\/\/www.marteling.lu\/wp-content\/uploads\/2024\/10\/TascheSchmetterlingbraun-1.jpg\",\"datePublished\":\"2024-10-31T11:07:31+00:00\",\"dateModified\":\"2025-10-21T06:46:00+00:00\",\"breadcrumb\":{\"@id\":\"https:\/\/www.marteling.lu\/?product=tasche-brauner-schmetterling#breadcrumb\"},\"inLanguage\":\"de\",\"potentialAction\":[{\"@type\":\"ReadAction\",\"target\":[\"https:\/\/www.marteling.lu\/?product=tasche-brauner-schmetterling\"]}]},{\"@type\":\"ImageObject\",\"inLanguage\":\"de\",\"@id\":\"https:\/\/www.marteling.lu\/?product=tasche-brauner-schmetterling#primaryimage\",\"url\":\"https:\/\/www.marteling.lu\/wp-content\/uploads\/2024\/10\/TascheSchmetterlingbraun-1.jpg\",\"contentUrl\":\"https:\/\/www.marteling.lu\/wp-content\/uploads\/2024\/10\/TascheSchmetterlingbraun-1.jpg\",\"width\":1772,\"height\":1182},{\"@type\":\"BreadcrumbList\",\"@id\":\"https:\/\/www.marteling.lu\/?product=tasche-brauner-schmetterling#breadcrumb\",\"itemListElement\":[{\"@type\":\"ListItem\",\"position\":1,\"name\":\"Home\",\"item\":\"https:\/\/www.marteling.lu\/\"},{\"@type\":\"ListItem\",\"position\":2,\"name\":\"Tasche brauner Schmetterling\"}]},{\"@type\":\"WebSite\",\"@id\":\"https:\/\/www.marteling.lu\/#website\",\"url\":\"https:\/\/www.marteling.lu\/\",\"name\":\"Claudine Marteling Photography\",\"description\":\"Professsional Family Photography &amp; Macro Photography\",\"potentialAction\":[{\"@type\":\"SearchAction\",\"target\":{\"@type\":\"EntryPoint\",\"urlTemplate\":\"https:\/\/www.marteling.lu\/?s={search_term_string}\"},\"query-input\":{\"@type\":\"PropertyValueSpecification\",\"valueRequired\":true,\"valueName\":\"search_term_string\"}}],\"inLanguage\":\"de\"}]}<\/script>\n<!-- \/ Yoast SEO plugin. -->","yoast_head_json":{"title":"Tasche brauner Schmetterling - Claudine Marteling Photography","robots":{"index":"index","follow":"follow","max-snippet":"max-snippet:-1","max-image-preview":"max-image-preview:large","max-video-preview":"max-video-preview:-1"},"canonical":"https:\/\/www.marteling.lu\/?product=tasche-brauner-schmetterling","og_locale":"de_DE","og_type":"article","og_title":"Tasche brauner Schmetterling - Claudine Marteling Photography","og_description":"&hellip; Continue readingTasche brauner Schmetterling","og_url":"https:\/\/www.marteling.lu\/?product=tasche-brauner-schmetterling","og_site_name":"Claudine Marteling Photography","article_publisher":"https:\/\/www.facebook.com\/www.photographybycloclo.eu\/","article_modified_time":"2025-10-21T06:46:00+00:00","og_image":[{"width":1772,"height":1182,"url":"https:\/\/www.marteling.lu\/wp-content\/uploads\/2024\/10\/TascheSchmetterlingbraun-1.jpg","type":"image\/jpeg"}],"twitter_card":"summary_large_image","twitter_misc":{"Gesch\u00e4tzte Lesezeit":"1\u00a0Minute"},"schema":{"@context":"https:\/\/schema.org","@graph":[{"@type":"WebPage","@id":"https:\/\/www.marteling.lu\/?product=tasche-brauner-schmetterling","url":"https:\/\/www.marteling.lu\/?product=tasche-brauner-schmetterling","name":"Tasche brauner Schmetterling - Claudine Marteling Photography","isPartOf":{"@id":"https:\/\/www.marteling.lu\/#website"},"primaryImageOfPage":{"@id":"https:\/\/www.marteling.lu\/?product=tasche-brauner-schmetterling#primaryimage"},"image":{"@id":"https:\/\/www.marteling.lu\/?product=tasche-brauner-schmetterling#primaryimage"},"thumbnailUrl":"https:\/\/www.marteling.lu\/wp-content\/uploads\/2024\/10\/TascheSchmetterlingbraun-1.jpg","datePublished":"2024-10-31T11:07:31+00:00","dateModified":"2025-10-21T06:46:00+00:00","breadcrumb":{"@id":"https:\/\/www.marteling.lu\/?product=tasche-brauner-schmetterling#breadcrumb"},"inLanguage":"de","potentialAction":[{"@type":"ReadAction","target":["https:\/\/www.marteling.lu\/?product=tasche-brauner-schmetterling"]}]},{"@type":"ImageObject","inLanguage":"de","@id":"https:\/\/www.marteling.lu\/?product=tasche-brauner-schmetterling#primaryimage","url":"https:\/\/www.marteling.lu\/wp-content\/uploads\/2024\/10\/TascheSchmetterlingbraun-1.jpg","contentUrl":"https:\/\/www.marteling.lu\/wp-content\/uploads\/2024\/10\/TascheSchmetterlingbraun-1.jpg","width":1772,"height":1182},{"@type":"BreadcrumbList","@id":"https:\/\/www.marteling.lu\/?product=tasche-brauner-schmetterling#breadcrumb","itemListElement":[{"@type":"ListItem","position":1,"name":"Home","item":"https:\/\/www.marteling.lu\/"},{"@type":"ListItem","position":2,"name":"Tasche brauner Schmetterling"}]},{"@type":"WebSite","@id":"https:\/\/www.marteling.lu\/#website","url":"https:\/\/www.marteling.lu\/","name":"Claudine Marteling Photography","description":"Professsional Family Photography &amp; Macro Photography","potentialAction":[{"@type":"SearchAction","target":{"@type":"EntryPoint","urlTemplate":"https:\/\/www.marteling.lu\/?s={search_term_string}"},"query-input":{"@type":"PropertyValueSpecification","valueRequired":true,"valueName":"search_term_string"}}],"inLanguage":"de"}]}},"_links":{"self":[{"href":"https:\/\/www.marteling.lu\/index.php?rest_route=\/wp\/v2\/product\/2649","targetHints":{"allow":["GET"]}}],"collection":[{"href":"https:\/\/www.marteling.lu\/index.php?rest_route=\/wp\/v2\/product"}],"about":[{"href":"https:\/\/www.marteling.lu\/index.php?rest_route=\/wp\/v2\/types\/product"}],"replies":[{"embeddable":true,"href":"https:\/\/www.marteling.lu\/index.php?rest_route=%2Fwp%2Fv2%2Fcomments&post=2649"}],"wp:featuredmedia":[{"embeddable":true,"href":"https:\/\/www.marteling.lu\/index.php?rest_route=\/wp\/v2\/media\/2663"}],"wp:attachment":[{"href":"https:\/\/www.marteling.lu\/index.php?rest_route=%2Fwp%2Fv2%2Fmedia&parent=2649"}],"wp:term":[{"taxonomy":"product_brand","embeddable":true,"href":"https:\/\/www.marteling.lu\/index.php?rest_route=%2Fwp%2Fv2%2Fproduct_brand&post=2649"},{"taxonomy":"product_cat","embeddable":true,"href":"https:\/\/www.marteling.lu\/index.php?rest_route=%2Fwp%2Fv2%2Fproduct_cat&post=2649"},{"taxonomy":"product_tag","embeddable":true,"href":"https:\/\/www.marteling.lu\/index.php?rest_route=%2Fwp%2Fv2%2Fproduct_tag&post=2649"}],"curies":[{"name":"wp","href":"https:\/\/api.w.org\/{rel}","templated":true}]}}