{"id":2634,"date":"2024-10-31T13:00:38","date_gmt":"2024-10-31T11:00:38","guid":{"rendered":"https:\/\/www.marteling.lu\/?post_type=product&#038;p=2634"},"modified":"2025-04-19T12:06:09","modified_gmt":"2025-04-19T10:06:09","slug":"tasche","status":"publish","type":"product","link":"https:\/\/www.marteling.lu\/?product=tasche","title":{"rendered":"Tasche Breitfl\u00fcgeliger Fleckleibb\u00e4r"},"content":{"rendered":"<h1 id=\"firstHeading\" class=\"firstHeading mw-first-heading\"><span class=\"mw-page-title-main\">Breitfl\u00fcgeliger Fleckleibb\u00e4r<\/span><\/h1>\n<p>Eine sch\u00f6ne Einkaufstasche ist nicht nur umweltfreundlich, sondern auch praktisch und stilvoll. Sie vermeidet Einwegplastik, h\u00e4lt schwere Eink\u00e4ufe besser und bringt Freude bei jedem Einkauf. So wird Nachhaltigkeit ganz einfach zum modischen Begleiter.<\/p>\n<p><img loading=\"lazy\" decoding=\"async\" class=\"alignnone size-thumbnail wp-image-2985\" src=\"https:\/\/www.marteling.lu\/wp-content\/uploads\/2025\/04\/CM_L2323-150x150.jpg\" alt=\"\" width=\"150\" height=\"150\" srcset=\"https:\/\/www.marteling.lu\/wp-content\/uploads\/2025\/04\/CM_L2323-150x150.jpg 150w, https:\/\/www.marteling.lu\/wp-content\/uploads\/2025\/04\/CM_L2323-533x533.jpg 533w, https:\/\/www.marteling.lu\/wp-content\/uploads\/2025\/04\/CM_L2323-100x100.jpg 100w\" sizes=\"auto, (max-width: 150px) 100vw, 150px\" \/><\/p>\n","protected":false},"excerpt":{"rendered":"<p><img loading=\"lazy\" decoding=\"async\" class=\"alignnone size-thumbnail wp-image-2647\" src=\"https:\/\/www.marteling.lu\/wp-content\/uploads\/2024\/10\/TascheMotte-150x150.jpg\" alt=\"\" width=\"150\" height=\"150\" srcset=\"https:\/\/www.marteling.lu\/wp-content\/uploads\/2024\/10\/TascheMotte-150x150.jpg 150w, https:\/\/www.marteling.lu\/wp-content\/uploads\/2024\/10\/TascheMotte-533x533.jpg 533w, https:\/\/www.marteling.lu\/wp-content\/uploads\/2024\/10\/TascheMotte-640x640.jpg 640w, https:\/\/www.marteling.lu\/wp-content\/uploads\/2024\/10\/TascheMotte-864x864.jpg 864w, https:\/\/www.marteling.lu\/wp-content\/uploads\/2024\/10\/TascheMotte-100x100.jpg 100w\" sizes=\"auto, (max-width: 150px) 100vw, 150px\" \/> &hellip; <a href=\"https:\/\/www.marteling.lu\/?product=tasche\" class=\"more-link\"><span>Continue reading<span class=\"screen-reader-text\">Tasche Breitfl\u00fcgeliger Fleckleibb\u00e4r<\/span><\/span><\/a><\/p>\n","protected":false},"featured_media":2647,"comment_status":"open","ping_status":"closed","template":"","meta":[],"product_brand":[],"product_cat":[196],"product_tag":[199,198,197],"class_list":{"0":"post-2634","1":"product","2":"type-product","3":"status-publish","4":"has-post-thumbnail","6":"product_cat-tasche","7":"product_tag-bag","8":"product_tag-sac","9":"product_tag-tasche","11":"first","12":"instock","13":"taxable","14":"shipping-taxable","15":"purchasable","16":"product-type-simple"},"yoast_head":"<!-- This site is optimized with the Yoast SEO plugin v25.4 - https:\/\/yoast.com\/wordpress\/plugins\/seo\/ -->\n<title>Tasche Breitfl\u00fcgeliger Fleckleibb\u00e4r - Claudine Marteling Photography<\/title>\n<meta name=\"robots\" content=\"index, follow, max-snippet:-1, max-image-preview:large, max-video-preview:-1\" \/>\n<link rel=\"canonical\" href=\"https:\/\/www.marteling.lu\/produkt\/tasche\/\" \/>\n<meta property=\"og:locale\" content=\"de_DE\" \/>\n<meta property=\"og:type\" content=\"article\" \/>\n<meta property=\"og:title\" content=\"Tasche Breitfl\u00fcgeliger Fleckleibb\u00e4r - Claudine Marteling Photography\" \/>\n<meta property=\"og:description\" content=\"&hellip; Continue readingTasche Breitfl\u00fcgeliger Fleckleibb\u00e4r\" \/>\n<meta property=\"og:url\" content=\"https:\/\/www.marteling.lu\/produkt\/tasche\/\" \/>\n<meta property=\"og:site_name\" content=\"Claudine Marteling Photography\" \/>\n<meta property=\"article:publisher\" content=\"https:\/\/www.facebook.com\/www.photographybycloclo.eu\/\" \/>\n<meta property=\"article:modified_time\" content=\"2025-04-19T10:06:09+00:00\" \/>\n<meta property=\"og:image\" content=\"https:\/\/www.marteling.lu\/wp-content\/uploads\/2024\/10\/TascheMotte.jpg\" \/>\n\t<meta property=\"og:image:width\" content=\"1772\" \/>\n\t<meta property=\"og:image:height\" content=\"1182\" \/>\n\t<meta property=\"og:image:type\" content=\"image\/jpeg\" \/>\n<meta name=\"twitter:card\" content=\"summary_large_image\" \/>\n<meta name=\"twitter:label1\" content=\"Gesch\u00e4tzte Lesezeit\" \/>\n\t<meta name=\"twitter:data1\" content=\"1\u00a0Minute\" \/>\n<script type=\"application\/ld+json\" class=\"yoast-schema-graph\">{\"@context\":\"https:\/\/schema.org\",\"@graph\":[{\"@type\":\"WebPage\",\"@id\":\"https:\/\/www.marteling.lu\/produkt\/tasche\/\",\"url\":\"https:\/\/www.marteling.lu\/produkt\/tasche\/\",\"name\":\"Tasche Breitfl\u00fcgeliger Fleckleibb\u00e4r - Claudine Marteling Photography\",\"isPartOf\":{\"@id\":\"https:\/\/www.marteling.lu\/#website\"},\"primaryImageOfPage\":{\"@id\":\"https:\/\/www.marteling.lu\/produkt\/tasche\/#primaryimage\"},\"image\":{\"@id\":\"https:\/\/www.marteling.lu\/produkt\/tasche\/#primaryimage\"},\"thumbnailUrl\":\"https:\/\/www.marteling.lu\/wp-content\/uploads\/2024\/10\/TascheMotte.jpg\",\"datePublished\":\"2024-10-31T11:00:38+00:00\",\"dateModified\":\"2025-04-19T10:06:09+00:00\",\"breadcrumb\":{\"@id\":\"https:\/\/www.marteling.lu\/produkt\/tasche\/#breadcrumb\"},\"inLanguage\":\"de\",\"potentialAction\":[{\"@type\":\"ReadAction\",\"target\":[\"https:\/\/www.marteling.lu\/produkt\/tasche\/\"]}]},{\"@type\":\"ImageObject\",\"inLanguage\":\"de\",\"@id\":\"https:\/\/www.marteling.lu\/produkt\/tasche\/#primaryimage\",\"url\":\"https:\/\/www.marteling.lu\/wp-content\/uploads\/2024\/10\/TascheMotte.jpg\",\"contentUrl\":\"https:\/\/www.marteling.lu\/wp-content\/uploads\/2024\/10\/TascheMotte.jpg\",\"width\":1772,\"height\":1182},{\"@type\":\"BreadcrumbList\",\"@id\":\"https:\/\/www.marteling.lu\/produkt\/tasche\/#breadcrumb\",\"itemListElement\":[{\"@type\":\"ListItem\",\"position\":1,\"name\":\"Home\",\"item\":\"https:\/\/www.marteling.lu\/\"},{\"@type\":\"ListItem\",\"position\":2,\"name\":\"Tasche Breitfl\u00fcgeliger Fleckleibb\u00e4r\"}]},{\"@type\":\"WebSite\",\"@id\":\"https:\/\/www.marteling.lu\/#website\",\"url\":\"https:\/\/www.marteling.lu\/\",\"name\":\"Claudine Marteling Photography\",\"description\":\"Professsional Family Photography &amp; Macro Photography\",\"potentialAction\":[{\"@type\":\"SearchAction\",\"target\":{\"@type\":\"EntryPoint\",\"urlTemplate\":\"https:\/\/www.marteling.lu\/?s={search_term_string}\"},\"query-input\":{\"@type\":\"PropertyValueSpecification\",\"valueRequired\":true,\"valueName\":\"search_term_string\"}}],\"inLanguage\":\"de\"}]}<\/script>\n<!-- \/ Yoast SEO plugin. -->","yoast_head_json":{"title":"Tasche Breitfl\u00fcgeliger Fleckleibb\u00e4r - Claudine Marteling Photography","robots":{"index":"index","follow":"follow","max-snippet":"max-snippet:-1","max-image-preview":"max-image-preview:large","max-video-preview":"max-video-preview:-1"},"canonical":"https:\/\/www.marteling.lu\/produkt\/tasche\/","og_locale":"de_DE","og_type":"article","og_title":"Tasche Breitfl\u00fcgeliger Fleckleibb\u00e4r - Claudine Marteling Photography","og_description":"&hellip; Continue readingTasche Breitfl\u00fcgeliger Fleckleibb\u00e4r","og_url":"https:\/\/www.marteling.lu\/produkt\/tasche\/","og_site_name":"Claudine Marteling Photography","article_publisher":"https:\/\/www.facebook.com\/www.photographybycloclo.eu\/","article_modified_time":"2025-04-19T10:06:09+00:00","og_image":[{"width":1772,"height":1182,"url":"https:\/\/www.marteling.lu\/wp-content\/uploads\/2024\/10\/TascheMotte.jpg","type":"image\/jpeg"}],"twitter_card":"summary_large_image","twitter_misc":{"Gesch\u00e4tzte Lesezeit":"1\u00a0Minute"},"schema":{"@context":"https:\/\/schema.org","@graph":[{"@type":"WebPage","@id":"https:\/\/www.marteling.lu\/produkt\/tasche\/","url":"https:\/\/www.marteling.lu\/produkt\/tasche\/","name":"Tasche Breitfl\u00fcgeliger Fleckleibb\u00e4r - Claudine Marteling Photography","isPartOf":{"@id":"https:\/\/www.marteling.lu\/#website"},"primaryImageOfPage":{"@id":"https:\/\/www.marteling.lu\/produkt\/tasche\/#primaryimage"},"image":{"@id":"https:\/\/www.marteling.lu\/produkt\/tasche\/#primaryimage"},"thumbnailUrl":"https:\/\/www.marteling.lu\/wp-content\/uploads\/2024\/10\/TascheMotte.jpg","datePublished":"2024-10-31T11:00:38+00:00","dateModified":"2025-04-19T10:06:09+00:00","breadcrumb":{"@id":"https:\/\/www.marteling.lu\/produkt\/tasche\/#breadcrumb"},"inLanguage":"de","potentialAction":[{"@type":"ReadAction","target":["https:\/\/www.marteling.lu\/produkt\/tasche\/"]}]},{"@type":"ImageObject","inLanguage":"de","@id":"https:\/\/www.marteling.lu\/produkt\/tasche\/#primaryimage","url":"https:\/\/www.marteling.lu\/wp-content\/uploads\/2024\/10\/TascheMotte.jpg","contentUrl":"https:\/\/www.marteling.lu\/wp-content\/uploads\/2024\/10\/TascheMotte.jpg","width":1772,"height":1182},{"@type":"BreadcrumbList","@id":"https:\/\/www.marteling.lu\/produkt\/tasche\/#breadcrumb","itemListElement":[{"@type":"ListItem","position":1,"name":"Home","item":"https:\/\/www.marteling.lu\/"},{"@type":"ListItem","position":2,"name":"Tasche Breitfl\u00fcgeliger Fleckleibb\u00e4r"}]},{"@type":"WebSite","@id":"https:\/\/www.marteling.lu\/#website","url":"https:\/\/www.marteling.lu\/","name":"Claudine Marteling Photography","description":"Professsional Family Photography &amp; Macro Photography","potentialAction":[{"@type":"SearchAction","target":{"@type":"EntryPoint","urlTemplate":"https:\/\/www.marteling.lu\/?s={search_term_string}"},"query-input":{"@type":"PropertyValueSpecification","valueRequired":true,"valueName":"search_term_string"}}],"inLanguage":"de"}]}},"_links":{"self":[{"href":"https:\/\/www.marteling.lu\/index.php?rest_route=\/wp\/v2\/product\/2634","targetHints":{"allow":["GET"]}}],"collection":[{"href":"https:\/\/www.marteling.lu\/index.php?rest_route=\/wp\/v2\/product"}],"about":[{"href":"https:\/\/www.marteling.lu\/index.php?rest_route=\/wp\/v2\/types\/product"}],"replies":[{"embeddable":true,"href":"https:\/\/www.marteling.lu\/index.php?rest_route=%2Fwp%2Fv2%2Fcomments&post=2634"}],"wp:featuredmedia":[{"embeddable":true,"href":"https:\/\/www.marteling.lu\/index.php?rest_route=\/wp\/v2\/media\/2647"}],"wp:attachment":[{"href":"https:\/\/www.marteling.lu\/index.php?rest_route=%2Fwp%2Fv2%2Fmedia&parent=2634"}],"wp:term":[{"taxonomy":"product_brand","embeddable":true,"href":"https:\/\/www.marteling.lu\/index.php?rest_route=%2Fwp%2Fv2%2Fproduct_brand&post=2634"},{"taxonomy":"product_cat","embeddable":true,"href":"https:\/\/www.marteling.lu\/index.php?rest_route=%2Fwp%2Fv2%2Fproduct_cat&post=2634"},{"taxonomy":"product_tag","embeddable":true,"href":"https:\/\/www.marteling.lu\/index.php?rest_route=%2Fwp%2Fv2%2Fproduct_tag&post=2634"}],"curies":[{"name":"wp","href":"https:\/\/api.w.org\/{rel}","templated":true}]}}