{"id":2569,"date":"2024-10-10T12:25:53","date_gmt":"2024-10-10T10:25:53","guid":{"rendered":"https:\/\/www.marteling.lu\/?post_type=product&#038;p=2569"},"modified":"2025-04-19T12:57:37","modified_gmt":"2025-04-19T10:57:37","slug":"mein-quartett-lebenszyklus-der-raupen-in-luxemburg","status":"publish","type":"product","link":"https:\/\/www.marteling.lu\/?product=mein-quartett-lebenszyklus-der-raupen-in-luxemburg","title":{"rendered":"Mein Quartett: Lebenszyklus der Raupen in Luxemburg"},"content":{"rendered":"<p><img loading=\"lazy\" decoding=\"async\" class=\"alignnone wp-image-2570 size-medium\" src=\"https:\/\/www.marteling.lu\/wp-content\/uploads\/2024\/10\/quartett2-300x200.jpg\" alt=\"\" width=\"300\" height=\"200\" srcset=\"https:\/\/www.marteling.lu\/wp-content\/uploads\/2024\/10\/quartett2-300x200.jpg 300w, https:\/\/www.marteling.lu\/wp-content\/uploads\/2024\/10\/quartett2.jpg 467w\" sizes=\"auto, (max-width: 300px) 100vw, 300px\" \/> <img loading=\"lazy\" decoding=\"async\" class=\"alignnone wp-image-2571 size-medium\" src=\"https:\/\/www.marteling.lu\/wp-content\/uploads\/2024\/10\/quartett1-300x200.jpg\" alt=\"\" width=\"300\" height=\"200\" srcset=\"https:\/\/www.marteling.lu\/wp-content\/uploads\/2024\/10\/quartett1-300x200.jpg 300w, https:\/\/www.marteling.lu\/wp-content\/uploads\/2024\/10\/quartett1.jpg 467w\" sizes=\"auto, (max-width: 300px) 100vw, 300px\" \/><\/p>\n<p>Mein Quartett zeigt die Lebensphasen von Raupen, die ich in Luxemburg entdeckt habe.<br \/>\nJede Karte veranschaulicht einen wichtigen Abschnitt vom Ei bis zum Schmetterling oder zur Motte.<\/p>\n<p>Mit dem Quartett m\u00f6chte ich die Vielfalt und Sch\u00f6nheit der heimischen Schmetterlinge und Nachtfalter zeigen und auf ihre wichtige Rolle im \u00d6kosystem hinweisen.<\/p>\n<p><img loading=\"lazy\" decoding=\"async\" class=\"alignnone size-thumbnail wp-image-3001\" src=\"https:\/\/www.marteling.lu\/wp-content\/uploads\/2025\/04\/CM_L2341-150x150.jpg\" alt=\"\" width=\"150\" height=\"150\" srcset=\"https:\/\/www.marteling.lu\/wp-content\/uploads\/2025\/04\/CM_L2341-150x150.jpg 150w, https:\/\/www.marteling.lu\/wp-content\/uploads\/2025\/04\/CM_L2341-533x533.jpg 533w, https:\/\/www.marteling.lu\/wp-content\/uploads\/2025\/04\/CM_L2341-100x100.jpg 100w\" sizes=\"auto, (max-width: 150px) 100vw, 150px\" \/><\/p>\n","protected":false},"excerpt":{"rendered":"<p>\u201eMein exklusives Quartett ist einzigartig,<br \/>\nda ich jede Raupe selbst gefunden und dokumentiert habe.<\/p>\n<p>Alle Tiere wurden nat\u00fcrlich artgerecht freigelassen!\u201c &hellip; <a href=\"https:\/\/www.marteling.lu\/?product=mein-quartett-lebenszyklus-der-raupen-in-luxemburg\" class=\"more-link\"><span>Continue reading<span class=\"screen-reader-text\">Mein Quartett: Lebenszyklus der Raupen in Luxemburg<\/span><\/span><\/a><\/p>\n","protected":false},"featured_media":2570,"comment_status":"open","ping_status":"closed","template":"","meta":[],"product_brand":[],"product_cat":[104],"product_tag":[193,191,192],"class_list":{"0":"post-2569","1":"product","2":"type-product","3":"status-publish","4":"has-post-thumbnail","6":"product_cat-unkategorisiert","7":"product_tag-quartet","8":"product_tag-quartett","9":"product_tag-quartette","11":"first","12":"instock","13":"sale","14":"taxable","15":"shipping-taxable","16":"purchasable","17":"product-type-simple"},"yoast_head":"<!-- This site is optimized with the Yoast SEO plugin v25.4 - https:\/\/yoast.com\/wordpress\/plugins\/seo\/ -->\n<title>Mein Quartett: Lebenszyklus der Raupen in Luxemburg - Claudine Marteling Photography<\/title>\n<meta name=\"robots\" content=\"index, follow, max-snippet:-1, max-image-preview:large, max-video-preview:-1\" \/>\n<link rel=\"canonical\" href=\"https:\/\/www.marteling.lu\/produkt\/mein-quartett-lebenszyklus-der-raupen-in-luxemburg\/\" \/>\n<meta property=\"og:locale\" content=\"de_DE\" \/>\n<meta property=\"og:type\" content=\"article\" \/>\n<meta property=\"og:title\" content=\"Mein Quartett: Lebenszyklus der Raupen in Luxemburg - Claudine Marteling Photography\" \/>\n<meta property=\"og:description\" content=\"\u201eMein exklusives Quartett ist einzigartig, da ich jede Raupe selbst gefunden und dokumentiert habe.  Alle Tiere wurden nat\u00fcrlich artgerecht freigelassen!\u201c &hellip; Continue readingMein Quartett: Lebenszyklus der Raupen in Luxemburg\" \/>\n<meta property=\"og:url\" content=\"https:\/\/www.marteling.lu\/produkt\/mein-quartett-lebenszyklus-der-raupen-in-luxemburg\/\" \/>\n<meta property=\"og:site_name\" content=\"Claudine Marteling Photography\" \/>\n<meta property=\"article:publisher\" content=\"https:\/\/www.facebook.com\/www.photographybycloclo.eu\/\" \/>\n<meta property=\"article:modified_time\" content=\"2025-04-19T10:57:37+00:00\" \/>\n<meta property=\"og:image\" content=\"https:\/\/www.marteling.lu\/wp-content\/uploads\/2024\/10\/quartett2.jpg\" \/>\n\t<meta property=\"og:image:width\" content=\"467\" \/>\n\t<meta property=\"og:image:height\" content=\"311\" \/>\n\t<meta property=\"og:image:type\" content=\"image\/jpeg\" \/>\n<meta name=\"twitter:card\" content=\"summary_large_image\" \/>\n<meta name=\"twitter:label1\" content=\"Gesch\u00e4tzte Lesezeit\" \/>\n\t<meta name=\"twitter:data1\" content=\"2\u00a0Minuten\" \/>\n<script type=\"application\/ld+json\" class=\"yoast-schema-graph\">{\"@context\":\"https:\/\/schema.org\",\"@graph\":[{\"@type\":\"WebPage\",\"@id\":\"https:\/\/www.marteling.lu\/produkt\/mein-quartett-lebenszyklus-der-raupen-in-luxemburg\/\",\"url\":\"https:\/\/www.marteling.lu\/produkt\/mein-quartett-lebenszyklus-der-raupen-in-luxemburg\/\",\"name\":\"Mein Quartett: Lebenszyklus der Raupen in Luxemburg - Claudine Marteling Photography\",\"isPartOf\":{\"@id\":\"https:\/\/www.marteling.lu\/#website\"},\"primaryImageOfPage\":{\"@id\":\"https:\/\/www.marteling.lu\/produkt\/mein-quartett-lebenszyklus-der-raupen-in-luxemburg\/#primaryimage\"},\"image\":{\"@id\":\"https:\/\/www.marteling.lu\/produkt\/mein-quartett-lebenszyklus-der-raupen-in-luxemburg\/#primaryimage\"},\"thumbnailUrl\":\"https:\/\/www.marteling.lu\/wp-content\/uploads\/2024\/10\/quartett2.jpg\",\"datePublished\":\"2024-10-10T10:25:53+00:00\",\"dateModified\":\"2025-04-19T10:57:37+00:00\",\"breadcrumb\":{\"@id\":\"https:\/\/www.marteling.lu\/produkt\/mein-quartett-lebenszyklus-der-raupen-in-luxemburg\/#breadcrumb\"},\"inLanguage\":\"de\",\"potentialAction\":[{\"@type\":\"ReadAction\",\"target\":[\"https:\/\/www.marteling.lu\/produkt\/mein-quartett-lebenszyklus-der-raupen-in-luxemburg\/\"]}]},{\"@type\":\"ImageObject\",\"inLanguage\":\"de\",\"@id\":\"https:\/\/www.marteling.lu\/produkt\/mein-quartett-lebenszyklus-der-raupen-in-luxemburg\/#primaryimage\",\"url\":\"https:\/\/www.marteling.lu\/wp-content\/uploads\/2024\/10\/quartett2.jpg\",\"contentUrl\":\"https:\/\/www.marteling.lu\/wp-content\/uploads\/2024\/10\/quartett2.jpg\",\"width\":467,\"height\":311},{\"@type\":\"BreadcrumbList\",\"@id\":\"https:\/\/www.marteling.lu\/produkt\/mein-quartett-lebenszyklus-der-raupen-in-luxemburg\/#breadcrumb\",\"itemListElement\":[{\"@type\":\"ListItem\",\"position\":1,\"name\":\"Home\",\"item\":\"https:\/\/www.marteling.lu\/\"},{\"@type\":\"ListItem\",\"position\":2,\"name\":\"Mein Quartett: Lebenszyklus der Raupen in Luxemburg\"}]},{\"@type\":\"WebSite\",\"@id\":\"https:\/\/www.marteling.lu\/#website\",\"url\":\"https:\/\/www.marteling.lu\/\",\"name\":\"Claudine Marteling Photography\",\"description\":\"Professsional Family Photography &amp; Macro Photography\",\"potentialAction\":[{\"@type\":\"SearchAction\",\"target\":{\"@type\":\"EntryPoint\",\"urlTemplate\":\"https:\/\/www.marteling.lu\/?s={search_term_string}\"},\"query-input\":{\"@type\":\"PropertyValueSpecification\",\"valueRequired\":true,\"valueName\":\"search_term_string\"}}],\"inLanguage\":\"de\"}]}<\/script>\n<!-- \/ Yoast SEO plugin. -->","yoast_head_json":{"title":"Mein Quartett: Lebenszyklus der Raupen in Luxemburg - Claudine Marteling Photography","robots":{"index":"index","follow":"follow","max-snippet":"max-snippet:-1","max-image-preview":"max-image-preview:large","max-video-preview":"max-video-preview:-1"},"canonical":"https:\/\/www.marteling.lu\/produkt\/mein-quartett-lebenszyklus-der-raupen-in-luxemburg\/","og_locale":"de_DE","og_type":"article","og_title":"Mein Quartett: Lebenszyklus der Raupen in Luxemburg - Claudine Marteling Photography","og_description":"\u201eMein exklusives Quartett ist einzigartig, da ich jede Raupe selbst gefunden und dokumentiert habe.  Alle Tiere wurden nat\u00fcrlich artgerecht freigelassen!\u201c &hellip; Continue readingMein Quartett: Lebenszyklus der Raupen in Luxemburg","og_url":"https:\/\/www.marteling.lu\/produkt\/mein-quartett-lebenszyklus-der-raupen-in-luxemburg\/","og_site_name":"Claudine Marteling Photography","article_publisher":"https:\/\/www.facebook.com\/www.photographybycloclo.eu\/","article_modified_time":"2025-04-19T10:57:37+00:00","og_image":[{"width":467,"height":311,"url":"https:\/\/www.marteling.lu\/wp-content\/uploads\/2024\/10\/quartett2.jpg","type":"image\/jpeg"}],"twitter_card":"summary_large_image","twitter_misc":{"Gesch\u00e4tzte Lesezeit":"2\u00a0Minuten"},"schema":{"@context":"https:\/\/schema.org","@graph":[{"@type":"WebPage","@id":"https:\/\/www.marteling.lu\/produkt\/mein-quartett-lebenszyklus-der-raupen-in-luxemburg\/","url":"https:\/\/www.marteling.lu\/produkt\/mein-quartett-lebenszyklus-der-raupen-in-luxemburg\/","name":"Mein Quartett: Lebenszyklus der Raupen in Luxemburg - Claudine Marteling Photography","isPartOf":{"@id":"https:\/\/www.marteling.lu\/#website"},"primaryImageOfPage":{"@id":"https:\/\/www.marteling.lu\/produkt\/mein-quartett-lebenszyklus-der-raupen-in-luxemburg\/#primaryimage"},"image":{"@id":"https:\/\/www.marteling.lu\/produkt\/mein-quartett-lebenszyklus-der-raupen-in-luxemburg\/#primaryimage"},"thumbnailUrl":"https:\/\/www.marteling.lu\/wp-content\/uploads\/2024\/10\/quartett2.jpg","datePublished":"2024-10-10T10:25:53+00:00","dateModified":"2025-04-19T10:57:37+00:00","breadcrumb":{"@id":"https:\/\/www.marteling.lu\/produkt\/mein-quartett-lebenszyklus-der-raupen-in-luxemburg\/#breadcrumb"},"inLanguage":"de","potentialAction":[{"@type":"ReadAction","target":["https:\/\/www.marteling.lu\/produkt\/mein-quartett-lebenszyklus-der-raupen-in-luxemburg\/"]}]},{"@type":"ImageObject","inLanguage":"de","@id":"https:\/\/www.marteling.lu\/produkt\/mein-quartett-lebenszyklus-der-raupen-in-luxemburg\/#primaryimage","url":"https:\/\/www.marteling.lu\/wp-content\/uploads\/2024\/10\/quartett2.jpg","contentUrl":"https:\/\/www.marteling.lu\/wp-content\/uploads\/2024\/10\/quartett2.jpg","width":467,"height":311},{"@type":"BreadcrumbList","@id":"https:\/\/www.marteling.lu\/produkt\/mein-quartett-lebenszyklus-der-raupen-in-luxemburg\/#breadcrumb","itemListElement":[{"@type":"ListItem","position":1,"name":"Home","item":"https:\/\/www.marteling.lu\/"},{"@type":"ListItem","position":2,"name":"Mein Quartett: Lebenszyklus der Raupen in Luxemburg"}]},{"@type":"WebSite","@id":"https:\/\/www.marteling.lu\/#website","url":"https:\/\/www.marteling.lu\/","name":"Claudine Marteling Photography","description":"Professsional Family Photography &amp; Macro Photography","potentialAction":[{"@type":"SearchAction","target":{"@type":"EntryPoint","urlTemplate":"https:\/\/www.marteling.lu\/?s={search_term_string}"},"query-input":{"@type":"PropertyValueSpecification","valueRequired":true,"valueName":"search_term_string"}}],"inLanguage":"de"}]}},"_links":{"self":[{"href":"https:\/\/www.marteling.lu\/index.php?rest_route=\/wp\/v2\/product\/2569","targetHints":{"allow":["GET"]}}],"collection":[{"href":"https:\/\/www.marteling.lu\/index.php?rest_route=\/wp\/v2\/product"}],"about":[{"href":"https:\/\/www.marteling.lu\/index.php?rest_route=\/wp\/v2\/types\/product"}],"replies":[{"embeddable":true,"href":"https:\/\/www.marteling.lu\/index.php?rest_route=%2Fwp%2Fv2%2Fcomments&post=2569"}],"wp:featuredmedia":[{"embeddable":true,"href":"https:\/\/www.marteling.lu\/index.php?rest_route=\/wp\/v2\/media\/2570"}],"wp:attachment":[{"href":"https:\/\/www.marteling.lu\/index.php?rest_route=%2Fwp%2Fv2%2Fmedia&parent=2569"}],"wp:term":[{"taxonomy":"product_brand","embeddable":true,"href":"https:\/\/www.marteling.lu\/index.php?rest_route=%2Fwp%2Fv2%2Fproduct_brand&post=2569"},{"taxonomy":"product_cat","embeddable":true,"href":"https:\/\/www.marteling.lu\/index.php?rest_route=%2Fwp%2Fv2%2Fproduct_cat&post=2569"},{"taxonomy":"product_tag","embeddable":true,"href":"https:\/\/www.marteling.lu\/index.php?rest_route=%2Fwp%2Fv2%2Fproduct_tag&post=2569"}],"curies":[{"name":"wp","href":"https:\/\/api.w.org\/{rel}","templated":true}]}}