{"id":2558,"date":"2024-10-10T11:05:01","date_gmt":"2024-10-10T09:05:01","guid":{"rendered":"https:\/\/www.marteling.lu\/?post_type=product&#038;p=2558"},"modified":"2025-04-19T12:59:15","modified_gmt":"2025-04-19T10:59:15","slug":"memory-spiel-lerne-die-raupen-aus-luxemburg-naeher-kennen","status":"publish","type":"product","link":"https:\/\/www.marteling.lu\/?product=memory-spiel-lerne-die-raupen-aus-luxemburg-naeher-kennen","title":{"rendered":"Memory-Spiel"},"content":{"rendered":"<p><img loading=\"lazy\" decoding=\"async\" class=\"alignnone wp-image-2559 size-medium\" src=\"https:\/\/www.marteling.lu\/wp-content\/uploads\/2024\/10\/memory2-300x200.jpg\" alt=\"\" width=\"300\" height=\"200\" srcset=\"https:\/\/www.marteling.lu\/wp-content\/uploads\/2024\/10\/memory2-300x200.jpg 300w, https:\/\/www.marteling.lu\/wp-content\/uploads\/2024\/10\/memory2.jpg 467w\" sizes=\"auto, (max-width: 300px) 100vw, 300px\" \/> <img loading=\"lazy\" decoding=\"async\" class=\"alignnone wp-image-2560 size-medium\" src=\"https:\/\/www.marteling.lu\/wp-content\/uploads\/2024\/10\/memory1-300x200.jpg\" alt=\"\" width=\"300\" height=\"200\" srcset=\"https:\/\/www.marteling.lu\/wp-content\/uploads\/2024\/10\/memory1-300x200.jpg 300w, https:\/\/www.marteling.lu\/wp-content\/uploads\/2024\/10\/memory1.jpg 467w\" sizes=\"auto, (max-width: 300px) 100vw, 300px\" \/><\/p>\n<p>&#8222;Lerne die Raupen aus Luxemburg n\u00e4her kennen.&#8220;<\/p>\n<p>Memory ist nicht nur unterhaltsam, sondern auch eine ausgezeichnete M\u00f6glichkeit, die kognitiven F\u00e4higkeiten zu trainieren und die soziale Interaktion zu f\u00f6rdern. Es kann in Familien, Schulen oder bei geselligen Treffen gespielt werden und bietet stets eine Herausforderung f\u00fcr alle Altersgruppen.<\/p>\n<p><img loading=\"lazy\" decoding=\"async\" class=\"alignnone size-thumbnail wp-image-2994\" src=\"https:\/\/www.marteling.lu\/wp-content\/uploads\/2025\/04\/CM_L2332-150x150.jpg\" alt=\"\" width=\"150\" height=\"150\" srcset=\"https:\/\/www.marteling.lu\/wp-content\/uploads\/2025\/04\/CM_L2332-150x150.jpg 150w, https:\/\/www.marteling.lu\/wp-content\/uploads\/2025\/04\/CM_L2332-533x533.jpg 533w, https:\/\/www.marteling.lu\/wp-content\/uploads\/2025\/04\/CM_L2332-100x100.jpg 100w\" sizes=\"auto, (max-width: 150px) 100vw, 150px\" \/><\/p>\n","protected":false},"excerpt":{"rendered":"<p>&#8222;Spiel, Spa\u00df und Wissen: Dein schlaues Raupen-Abenteuer!&#8220;<\/p>\n<p>&#8222;Spiel dich schlau und Entdecke die Welt der Raupen aus Luxemburg&#8220; &hellip; <a href=\"https:\/\/www.marteling.lu\/?product=memory-spiel-lerne-die-raupen-aus-luxemburg-naeher-kennen\" class=\"more-link\"><span>Continue reading<span class=\"screen-reader-text\">Memory-Spiel<\/span><\/span><\/a><\/p>\n","protected":false},"featured_media":2559,"comment_status":"open","ping_status":"closed","template":"","meta":[],"product_brand":[],"product_cat":[104],"product_tag":[172,169,171,173,170],"class_list":{"0":"post-2558","1":"product","2":"type-product","3":"status-publish","4":"has-post-thumbnail","6":"product_cat-unkategorisiert","7":"product_tag-jeu-de-memoire","8":"product_tag-memo-spiel","9":"product_tag-memory","10":"product_tag-memory-game","11":"product_tag-spiel","13":"first","14":"instock","15":"taxable","16":"shipping-taxable","17":"purchasable","18":"product-type-simple"},"yoast_head":"<!-- This site is optimized with the Yoast SEO plugin v25.4 - https:\/\/yoast.com\/wordpress\/plugins\/seo\/ -->\n<title>Memory-Spiel - Claudine Marteling Photography<\/title>\n<meta name=\"robots\" content=\"index, follow, max-snippet:-1, max-image-preview:large, max-video-preview:-1\" \/>\n<link rel=\"canonical\" href=\"https:\/\/www.marteling.lu\/produkt\/memory-spiel-lerne-die-raupen-aus-luxemburg-naeher-kennen\/\" \/>\n<meta property=\"og:locale\" content=\"de_DE\" \/>\n<meta property=\"og:type\" content=\"article\" \/>\n<meta property=\"og:title\" content=\"Memory-Spiel - Claudine Marteling Photography\" \/>\n<meta property=\"og:description\" content=\"&quot;Spiel, Spa\u00df und Wissen: Dein schlaues Raupen-Abenteuer!&quot;  &quot;Spiel dich schlau und Entdecke die Welt der Raupen aus Luxemburg&quot; &hellip; Continue readingMemory-Spiel\" \/>\n<meta property=\"og:url\" content=\"https:\/\/www.marteling.lu\/produkt\/memory-spiel-lerne-die-raupen-aus-luxemburg-naeher-kennen\/\" \/>\n<meta property=\"og:site_name\" content=\"Claudine Marteling Photography\" \/>\n<meta property=\"article:publisher\" content=\"https:\/\/www.facebook.com\/www.photographybycloclo.eu\/\" \/>\n<meta property=\"article:modified_time\" content=\"2025-04-19T10:59:15+00:00\" \/>\n<meta property=\"og:image\" content=\"https:\/\/www.marteling.lu\/wp-content\/uploads\/2024\/10\/memory2.jpg\" \/>\n\t<meta property=\"og:image:width\" content=\"467\" \/>\n\t<meta property=\"og:image:height\" content=\"311\" \/>\n\t<meta property=\"og:image:type\" content=\"image\/jpeg\" \/>\n<meta name=\"twitter:card\" content=\"summary_large_image\" \/>\n<meta name=\"twitter:label1\" content=\"Gesch\u00e4tzte Lesezeit\" \/>\n\t<meta name=\"twitter:data1\" content=\"1\u00a0Minute\" \/>\n<script type=\"application\/ld+json\" class=\"yoast-schema-graph\">{\"@context\":\"https:\/\/schema.org\",\"@graph\":[{\"@type\":\"WebPage\",\"@id\":\"https:\/\/www.marteling.lu\/produkt\/memory-spiel-lerne-die-raupen-aus-luxemburg-naeher-kennen\/\",\"url\":\"https:\/\/www.marteling.lu\/produkt\/memory-spiel-lerne-die-raupen-aus-luxemburg-naeher-kennen\/\",\"name\":\"Memory-Spiel - Claudine Marteling Photography\",\"isPartOf\":{\"@id\":\"https:\/\/www.marteling.lu\/#website\"},\"primaryImageOfPage\":{\"@id\":\"https:\/\/www.marteling.lu\/produkt\/memory-spiel-lerne-die-raupen-aus-luxemburg-naeher-kennen\/#primaryimage\"},\"image\":{\"@id\":\"https:\/\/www.marteling.lu\/produkt\/memory-spiel-lerne-die-raupen-aus-luxemburg-naeher-kennen\/#primaryimage\"},\"thumbnailUrl\":\"https:\/\/www.marteling.lu\/wp-content\/uploads\/2024\/10\/memory2.jpg\",\"datePublished\":\"2024-10-10T09:05:01+00:00\",\"dateModified\":\"2025-04-19T10:59:15+00:00\",\"breadcrumb\":{\"@id\":\"https:\/\/www.marteling.lu\/produkt\/memory-spiel-lerne-die-raupen-aus-luxemburg-naeher-kennen\/#breadcrumb\"},\"inLanguage\":\"de\",\"potentialAction\":[{\"@type\":\"ReadAction\",\"target\":[\"https:\/\/www.marteling.lu\/produkt\/memory-spiel-lerne-die-raupen-aus-luxemburg-naeher-kennen\/\"]}]},{\"@type\":\"ImageObject\",\"inLanguage\":\"de\",\"@id\":\"https:\/\/www.marteling.lu\/produkt\/memory-spiel-lerne-die-raupen-aus-luxemburg-naeher-kennen\/#primaryimage\",\"url\":\"https:\/\/www.marteling.lu\/wp-content\/uploads\/2024\/10\/memory2.jpg\",\"contentUrl\":\"https:\/\/www.marteling.lu\/wp-content\/uploads\/2024\/10\/memory2.jpg\",\"width\":467,\"height\":311},{\"@type\":\"BreadcrumbList\",\"@id\":\"https:\/\/www.marteling.lu\/produkt\/memory-spiel-lerne-die-raupen-aus-luxemburg-naeher-kennen\/#breadcrumb\",\"itemListElement\":[{\"@type\":\"ListItem\",\"position\":1,\"name\":\"Home\",\"item\":\"https:\/\/www.marteling.lu\/\"},{\"@type\":\"ListItem\",\"position\":2,\"name\":\"Memory-Spiel\"}]},{\"@type\":\"WebSite\",\"@id\":\"https:\/\/www.marteling.lu\/#website\",\"url\":\"https:\/\/www.marteling.lu\/\",\"name\":\"Claudine Marteling Photography\",\"description\":\"Professsional Family Photography &amp; Macro Photography\",\"potentialAction\":[{\"@type\":\"SearchAction\",\"target\":{\"@type\":\"EntryPoint\",\"urlTemplate\":\"https:\/\/www.marteling.lu\/?s={search_term_string}\"},\"query-input\":{\"@type\":\"PropertyValueSpecification\",\"valueRequired\":true,\"valueName\":\"search_term_string\"}}],\"inLanguage\":\"de\"}]}<\/script>\n<!-- \/ Yoast SEO plugin. -->","yoast_head_json":{"title":"Memory-Spiel - Claudine Marteling Photography","robots":{"index":"index","follow":"follow","max-snippet":"max-snippet:-1","max-image-preview":"max-image-preview:large","max-video-preview":"max-video-preview:-1"},"canonical":"https:\/\/www.marteling.lu\/produkt\/memory-spiel-lerne-die-raupen-aus-luxemburg-naeher-kennen\/","og_locale":"de_DE","og_type":"article","og_title":"Memory-Spiel - Claudine Marteling Photography","og_description":"\"Spiel, Spa\u00df und Wissen: Dein schlaues Raupen-Abenteuer!\"  \"Spiel dich schlau und Entdecke die Welt der Raupen aus Luxemburg\" &hellip; Continue readingMemory-Spiel","og_url":"https:\/\/www.marteling.lu\/produkt\/memory-spiel-lerne-die-raupen-aus-luxemburg-naeher-kennen\/","og_site_name":"Claudine Marteling Photography","article_publisher":"https:\/\/www.facebook.com\/www.photographybycloclo.eu\/","article_modified_time":"2025-04-19T10:59:15+00:00","og_image":[{"width":467,"height":311,"url":"https:\/\/www.marteling.lu\/wp-content\/uploads\/2024\/10\/memory2.jpg","type":"image\/jpeg"}],"twitter_card":"summary_large_image","twitter_misc":{"Gesch\u00e4tzte Lesezeit":"1\u00a0Minute"},"schema":{"@context":"https:\/\/schema.org","@graph":[{"@type":"WebPage","@id":"https:\/\/www.marteling.lu\/produkt\/memory-spiel-lerne-die-raupen-aus-luxemburg-naeher-kennen\/","url":"https:\/\/www.marteling.lu\/produkt\/memory-spiel-lerne-die-raupen-aus-luxemburg-naeher-kennen\/","name":"Memory-Spiel - Claudine Marteling Photography","isPartOf":{"@id":"https:\/\/www.marteling.lu\/#website"},"primaryImageOfPage":{"@id":"https:\/\/www.marteling.lu\/produkt\/memory-spiel-lerne-die-raupen-aus-luxemburg-naeher-kennen\/#primaryimage"},"image":{"@id":"https:\/\/www.marteling.lu\/produkt\/memory-spiel-lerne-die-raupen-aus-luxemburg-naeher-kennen\/#primaryimage"},"thumbnailUrl":"https:\/\/www.marteling.lu\/wp-content\/uploads\/2024\/10\/memory2.jpg","datePublished":"2024-10-10T09:05:01+00:00","dateModified":"2025-04-19T10:59:15+00:00","breadcrumb":{"@id":"https:\/\/www.marteling.lu\/produkt\/memory-spiel-lerne-die-raupen-aus-luxemburg-naeher-kennen\/#breadcrumb"},"inLanguage":"de","potentialAction":[{"@type":"ReadAction","target":["https:\/\/www.marteling.lu\/produkt\/memory-spiel-lerne-die-raupen-aus-luxemburg-naeher-kennen\/"]}]},{"@type":"ImageObject","inLanguage":"de","@id":"https:\/\/www.marteling.lu\/produkt\/memory-spiel-lerne-die-raupen-aus-luxemburg-naeher-kennen\/#primaryimage","url":"https:\/\/www.marteling.lu\/wp-content\/uploads\/2024\/10\/memory2.jpg","contentUrl":"https:\/\/www.marteling.lu\/wp-content\/uploads\/2024\/10\/memory2.jpg","width":467,"height":311},{"@type":"BreadcrumbList","@id":"https:\/\/www.marteling.lu\/produkt\/memory-spiel-lerne-die-raupen-aus-luxemburg-naeher-kennen\/#breadcrumb","itemListElement":[{"@type":"ListItem","position":1,"name":"Home","item":"https:\/\/www.marteling.lu\/"},{"@type":"ListItem","position":2,"name":"Memory-Spiel"}]},{"@type":"WebSite","@id":"https:\/\/www.marteling.lu\/#website","url":"https:\/\/www.marteling.lu\/","name":"Claudine Marteling Photography","description":"Professsional Family Photography &amp; Macro Photography","potentialAction":[{"@type":"SearchAction","target":{"@type":"EntryPoint","urlTemplate":"https:\/\/www.marteling.lu\/?s={search_term_string}"},"query-input":{"@type":"PropertyValueSpecification","valueRequired":true,"valueName":"search_term_string"}}],"inLanguage":"de"}]}},"_links":{"self":[{"href":"https:\/\/www.marteling.lu\/index.php?rest_route=\/wp\/v2\/product\/2558","targetHints":{"allow":["GET"]}}],"collection":[{"href":"https:\/\/www.marteling.lu\/index.php?rest_route=\/wp\/v2\/product"}],"about":[{"href":"https:\/\/www.marteling.lu\/index.php?rest_route=\/wp\/v2\/types\/product"}],"replies":[{"embeddable":true,"href":"https:\/\/www.marteling.lu\/index.php?rest_route=%2Fwp%2Fv2%2Fcomments&post=2558"}],"wp:featuredmedia":[{"embeddable":true,"href":"https:\/\/www.marteling.lu\/index.php?rest_route=\/wp\/v2\/media\/2559"}],"wp:attachment":[{"href":"https:\/\/www.marteling.lu\/index.php?rest_route=%2Fwp%2Fv2%2Fmedia&parent=2558"}],"wp:term":[{"taxonomy":"product_brand","embeddable":true,"href":"https:\/\/www.marteling.lu\/index.php?rest_route=%2Fwp%2Fv2%2Fproduct_brand&post=2558"},{"taxonomy":"product_cat","embeddable":true,"href":"https:\/\/www.marteling.lu\/index.php?rest_route=%2Fwp%2Fv2%2Fproduct_cat&post=2558"},{"taxonomy":"product_tag","embeddable":true,"href":"https:\/\/www.marteling.lu\/index.php?rest_route=%2Fwp%2Fv2%2Fproduct_tag&post=2558"}],"curies":[{"name":"wp","href":"https:\/\/api.w.org\/{rel}","templated":true}]}}