{"id":2499,"date":"2024-06-19T15:20:35","date_gmt":"2024-06-19T13:20:35","guid":{"rendered":"https:\/\/www.marteling.lu\/?page_id=2499"},"modified":"2025-04-13T22:17:33","modified_gmt":"2025-04-13T20:17:33","slug":"expositions","status":"publish","type":"page","link":"https:\/\/www.marteling.lu\/?page_id=2499","title":{"rendered":"EXPOSITION&#8217;s"},"content":{"rendered":"\n<p>2025 EXPO NATUR BIODIVERSUM Camille Gira R\u00e9imech<\/p>\n\n\n\n<p>2025 EXPOSITION ART L\u00cbNSTER<\/p>\n\n\n\n<p>2025 EXPO MACRO Natur BIODIVERSUM Camille Gira R\u00e9imech<\/p>\n\n\n\n<p>2024 EXPO MACRO Mushrooms BIODIVERSUM Camille Gira R\u00e9imech<\/p>\n\n\n\n<p>2024 EXPO MACRO Caterpillars BIODIVERSUM Camille Gira R\u00e9imech<\/p>\n\n\n\n<p>2024 PHOTO WEEKS Ch\u00e2teau de LAROCHETTE<\/p>\n\n\n\n<p>2017 EXPOSITION ART LENSTER<\/p>\n\n\n\n<p>2015 EXPOSITION ART LENSTER<\/p>\n\n\n\n<p>2015 LUX CONNECT Bissen<\/p>\n\n\n\n<p>2015 EXPOSITION LUX EXPO Kirchberg<\/p>\n\n\n\n<p>2014 LUX CONNECT Bettembourg<\/p>\n\n\n\n<p>2014 EXPOSITION LUX EXPO Kirchberg<\/p>\n\n\n\n<figure class=\"wp-block-image size-large is-resized\"><img loading=\"lazy\" decoding=\"async\" width=\"724\" height=\"1024\" src=\"https:\/\/www.marteling.lu\/wp-content\/uploads\/2025\/04\/EXPOnaturBIODIVERSUM2025april2-724x1024.jpg\" alt=\"\" class=\"wp-image-2939\" style=\"width:740px;height:auto\" srcset=\"https:\/\/www.marteling.lu\/wp-content\/uploads\/2025\/04\/EXPOnaturBIODIVERSUM2025april2-724x1024.jpg 724w, https:\/\/www.marteling.lu\/wp-content\/uploads\/2025\/04\/EXPOnaturBIODIVERSUM2025april2-212x300.jpg 212w, https:\/\/www.marteling.lu\/wp-content\/uploads\/2025\/04\/EXPOnaturBIODIVERSUM2025april2-768x1086.jpg 768w, https:\/\/www.marteling.lu\/wp-content\/uploads\/2025\/04\/EXPOnaturBIODIVERSUM2025april2-1086x1536.jpg 1086w, https:\/\/www.marteling.lu\/wp-content\/uploads\/2025\/04\/EXPOnaturBIODIVERSUM2025april2-1448x2048.jpg 1448w, https:\/\/www.marteling.lu\/wp-content\/uploads\/2025\/04\/EXPOnaturBIODIVERSUM2025april2-600x848.jpg 600w, https:\/\/www.marteling.lu\/wp-content\/uploads\/2025\/04\/EXPOnaturBIODIVERSUM2025april2.jpg 1654w\" sizes=\"auto, (max-width: 724px) 100vw, 724px\" \/><\/figure>\n\n\n\n<figure class=\"wp-block-gallery has-nested-images columns-default is-cropped wp-block-gallery-1 is-layout-flex wp-block-gallery-is-layout-flex\">\n<figure class=\"wp-block-image size-large is-style-default\"><img loading=\"lazy\" decoding=\"async\" width=\"724\" height=\"1024\" data-id=\"2777\" src=\"https:\/\/www.marteling.lu\/wp-content\/uploads\/2025\/02\/EXPOfotoen2025-724x1024.jpg\" alt=\"EXPOSITIONS\" class=\"wp-image-2777\" srcset=\"https:\/\/www.marteling.lu\/wp-content\/uploads\/2025\/02\/EXPOfotoen2025-724x1024.jpg 724w, https:\/\/www.marteling.lu\/wp-content\/uploads\/2025\/02\/EXPOfotoen2025-212x300.jpg 212w, https:\/\/www.marteling.lu\/wp-content\/uploads\/2025\/02\/EXPOfotoen2025-768x1086.jpg 768w, https:\/\/www.marteling.lu\/wp-content\/uploads\/2025\/02\/EXPOfotoen2025-1086x1536.jpg 1086w, https:\/\/www.marteling.lu\/wp-content\/uploads\/2025\/02\/EXPOfotoen2025-1448x2048.jpg 1448w, https:\/\/www.marteling.lu\/wp-content\/uploads\/2025\/02\/EXPOfotoen2025-600x849.jpg 600w, https:\/\/www.marteling.lu\/wp-content\/uploads\/2025\/02\/EXPOfotoen2025-scaled.jpg 1810w\" sizes=\"auto, (max-width: 724px) 100vw, 724px\" \/><\/figure>\n<\/figure>\n\n\n\n<p><\/p>\n","protected":false},"excerpt":{"rendered":"<p>2025 EXPO NATUR BIODIVERSUM Camille Gira R\u00e9imech 2025 EXPOSITION ART L\u00cbNSTER 2025 EXPO MACRO Natur BIODIVERSUM Camille Gira R\u00e9imech 2024 EXPO MACRO Mushrooms BIODIVERSUM Camille Gira R\u00e9imech 2024 EXPO MACRO Caterpillars BIODIVERSUM Camille Gira R\u00e9imech 2024 PHOTO WEEKS Ch\u00e2teau de LAROCHETTE 2017 EXPOSITION ART LENSTER &hellip; <a href=\"https:\/\/www.marteling.lu\/?page_id=2499\" class=\"more-link\"><span>Continue reading<span class=\"screen-reader-text\">EXPOSITION&#8217;s<\/span><\/span><\/a><\/p>\n","protected":false},"author":1,"featured_media":0,"parent":0,"menu_order":0,"comment_status":"closed","ping_status":"closed","template":"","meta":{"footnotes":""},"class_list":["post-2499","page","type-page","status-publish","hentry"],"yoast_head":"<!-- This site is optimized with the Yoast SEO plugin v25.4 - https:\/\/yoast.com\/wordpress\/plugins\/seo\/ -->\n<title>EXPOSITION&#039;s - Claudine Marteling Photography<\/title>\n<meta name=\"robots\" content=\"index, follow, max-snippet:-1, max-image-preview:large, max-video-preview:-1\" \/>\n<link rel=\"canonical\" href=\"https:\/\/www.marteling.lu\/?page_id=2499\" \/>\n<meta property=\"og:locale\" content=\"de_DE\" \/>\n<meta property=\"og:type\" content=\"article\" \/>\n<meta property=\"og:title\" content=\"EXPOSITION&#039;s - Claudine Marteling Photography\" \/>\n<meta property=\"og:description\" content=\"2025 EXPO NATUR BIODIVERSUM Camille Gira R\u00e9imech 2025 EXPOSITION ART L\u00cbNSTER 2025 EXPO MACRO Natur BIODIVERSUM Camille Gira R\u00e9imech 2024 EXPO MACRO Mushrooms BIODIVERSUM Camille Gira R\u00e9imech 2024 EXPO MACRO Caterpillars BIODIVERSUM Camille Gira R\u00e9imech 2024 PHOTO WEEKS Ch\u00e2teau de LAROCHETTE 2017 EXPOSITION ART LENSTER &hellip; Continue readingEXPOSITION&#8217;s\" \/>\n<meta property=\"og:url\" content=\"https:\/\/www.marteling.lu\/?page_id=2499\" \/>\n<meta property=\"og:site_name\" content=\"Claudine Marteling Photography\" \/>\n<meta property=\"article:publisher\" content=\"https:\/\/www.facebook.com\/www.photographybycloclo.eu\/\" \/>\n<meta property=\"article:modified_time\" content=\"2025-04-13T20:17:33+00:00\" \/>\n<meta property=\"og:image\" content=\"https:\/\/www.marteling.lu\/wp-content\/uploads\/2025\/04\/EXPOnaturBIODIVERSUM2025april2-724x1024.jpg\" \/>\n<meta name=\"twitter:card\" content=\"summary_large_image\" \/>\n<meta name=\"twitter:label1\" content=\"Gesch\u00e4tzte Lesezeit\" \/>\n\t<meta name=\"twitter:data1\" content=\"1\u00a0Minute\" \/>\n<script type=\"application\/ld+json\" class=\"yoast-schema-graph\">{\"@context\":\"https:\/\/schema.org\",\"@graph\":[{\"@type\":\"WebPage\",\"@id\":\"https:\/\/www.marteling.lu\/?page_id=2499\",\"url\":\"https:\/\/www.marteling.lu\/?page_id=2499\",\"name\":\"EXPOSITION's - Claudine Marteling Photography\",\"isPartOf\":{\"@id\":\"https:\/\/www.marteling.lu\/#website\"},\"primaryImageOfPage\":{\"@id\":\"https:\/\/www.marteling.lu\/?page_id=2499#primaryimage\"},\"image\":{\"@id\":\"https:\/\/www.marteling.lu\/?page_id=2499#primaryimage\"},\"thumbnailUrl\":\"https:\/\/www.marteling.lu\/wp-content\/uploads\/2025\/04\/EXPOnaturBIODIVERSUM2025april2-724x1024.jpg\",\"datePublished\":\"2024-06-19T13:20:35+00:00\",\"dateModified\":\"2025-04-13T20:17:33+00:00\",\"breadcrumb\":{\"@id\":\"https:\/\/www.marteling.lu\/?page_id=2499#breadcrumb\"},\"inLanguage\":\"de\",\"potentialAction\":[{\"@type\":\"ReadAction\",\"target\":[\"https:\/\/www.marteling.lu\/?page_id=2499\"]}]},{\"@type\":\"ImageObject\",\"inLanguage\":\"de\",\"@id\":\"https:\/\/www.marteling.lu\/?page_id=2499#primaryimage\",\"url\":\"https:\/\/www.marteling.lu\/wp-content\/uploads\/2025\/04\/EXPOnaturBIODIVERSUM2025april2.jpg\",\"contentUrl\":\"https:\/\/www.marteling.lu\/wp-content\/uploads\/2025\/04\/EXPOnaturBIODIVERSUM2025april2.jpg\",\"width\":1654,\"height\":2339},{\"@type\":\"BreadcrumbList\",\"@id\":\"https:\/\/www.marteling.lu\/?page_id=2499#breadcrumb\",\"itemListElement\":[{\"@type\":\"ListItem\",\"position\":1,\"name\":\"Home\",\"item\":\"https:\/\/www.marteling.lu\/\"},{\"@type\":\"ListItem\",\"position\":2,\"name\":\"EXPOSITION&#8217;s\"}]},{\"@type\":\"WebSite\",\"@id\":\"https:\/\/www.marteling.lu\/#website\",\"url\":\"https:\/\/www.marteling.lu\/\",\"name\":\"Claudine Marteling Photography\",\"description\":\"Professsional Family Photography &amp; Macro Photography\",\"potentialAction\":[{\"@type\":\"SearchAction\",\"target\":{\"@type\":\"EntryPoint\",\"urlTemplate\":\"https:\/\/www.marteling.lu\/?s={search_term_string}\"},\"query-input\":{\"@type\":\"PropertyValueSpecification\",\"valueRequired\":true,\"valueName\":\"search_term_string\"}}],\"inLanguage\":\"de\"}]}<\/script>\n<!-- \/ Yoast SEO plugin. -->","yoast_head_json":{"title":"EXPOSITION's - Claudine Marteling Photography","robots":{"index":"index","follow":"follow","max-snippet":"max-snippet:-1","max-image-preview":"max-image-preview:large","max-video-preview":"max-video-preview:-1"},"canonical":"https:\/\/www.marteling.lu\/?page_id=2499","og_locale":"de_DE","og_type":"article","og_title":"EXPOSITION's - Claudine Marteling Photography","og_description":"2025 EXPO NATUR BIODIVERSUM Camille Gira R\u00e9imech 2025 EXPOSITION ART L\u00cbNSTER 2025 EXPO MACRO Natur BIODIVERSUM Camille Gira R\u00e9imech 2024 EXPO MACRO Mushrooms BIODIVERSUM Camille Gira R\u00e9imech 2024 EXPO MACRO Caterpillars BIODIVERSUM Camille Gira R\u00e9imech 2024 PHOTO WEEKS Ch\u00e2teau de LAROCHETTE 2017 EXPOSITION ART LENSTER &hellip; Continue readingEXPOSITION&#8217;s","og_url":"https:\/\/www.marteling.lu\/?page_id=2499","og_site_name":"Claudine Marteling Photography","article_publisher":"https:\/\/www.facebook.com\/www.photographybycloclo.eu\/","article_modified_time":"2025-04-13T20:17:33+00:00","og_image":[{"url":"https:\/\/www.marteling.lu\/wp-content\/uploads\/2025\/04\/EXPOnaturBIODIVERSUM2025april2-724x1024.jpg","type":"","width":"","height":""}],"twitter_card":"summary_large_image","twitter_misc":{"Gesch\u00e4tzte Lesezeit":"1\u00a0Minute"},"schema":{"@context":"https:\/\/schema.org","@graph":[{"@type":"WebPage","@id":"https:\/\/www.marteling.lu\/?page_id=2499","url":"https:\/\/www.marteling.lu\/?page_id=2499","name":"EXPOSITION's - Claudine Marteling Photography","isPartOf":{"@id":"https:\/\/www.marteling.lu\/#website"},"primaryImageOfPage":{"@id":"https:\/\/www.marteling.lu\/?page_id=2499#primaryimage"},"image":{"@id":"https:\/\/www.marteling.lu\/?page_id=2499#primaryimage"},"thumbnailUrl":"https:\/\/www.marteling.lu\/wp-content\/uploads\/2025\/04\/EXPOnaturBIODIVERSUM2025april2-724x1024.jpg","datePublished":"2024-06-19T13:20:35+00:00","dateModified":"2025-04-13T20:17:33+00:00","breadcrumb":{"@id":"https:\/\/www.marteling.lu\/?page_id=2499#breadcrumb"},"inLanguage":"de","potentialAction":[{"@type":"ReadAction","target":["https:\/\/www.marteling.lu\/?page_id=2499"]}]},{"@type":"ImageObject","inLanguage":"de","@id":"https:\/\/www.marteling.lu\/?page_id=2499#primaryimage","url":"https:\/\/www.marteling.lu\/wp-content\/uploads\/2025\/04\/EXPOnaturBIODIVERSUM2025april2.jpg","contentUrl":"https:\/\/www.marteling.lu\/wp-content\/uploads\/2025\/04\/EXPOnaturBIODIVERSUM2025april2.jpg","width":1654,"height":2339},{"@type":"BreadcrumbList","@id":"https:\/\/www.marteling.lu\/?page_id=2499#breadcrumb","itemListElement":[{"@type":"ListItem","position":1,"name":"Home","item":"https:\/\/www.marteling.lu\/"},{"@type":"ListItem","position":2,"name":"EXPOSITION&#8217;s"}]},{"@type":"WebSite","@id":"https:\/\/www.marteling.lu\/#website","url":"https:\/\/www.marteling.lu\/","name":"Claudine Marteling Photography","description":"Professsional Family Photography &amp; Macro Photography","potentialAction":[{"@type":"SearchAction","target":{"@type":"EntryPoint","urlTemplate":"https:\/\/www.marteling.lu\/?s={search_term_string}"},"query-input":{"@type":"PropertyValueSpecification","valueRequired":true,"valueName":"search_term_string"}}],"inLanguage":"de"}]}},"_links":{"self":[{"href":"https:\/\/www.marteling.lu\/index.php?rest_route=\/wp\/v2\/pages\/2499","targetHints":{"allow":["GET"]}}],"collection":[{"href":"https:\/\/www.marteling.lu\/index.php?rest_route=\/wp\/v2\/pages"}],"about":[{"href":"https:\/\/www.marteling.lu\/index.php?rest_route=\/wp\/v2\/types\/page"}],"author":[{"embeddable":true,"href":"https:\/\/www.marteling.lu\/index.php?rest_route=\/wp\/v2\/users\/1"}],"replies":[{"embeddable":true,"href":"https:\/\/www.marteling.lu\/index.php?rest_route=%2Fwp%2Fv2%2Fcomments&post=2499"}],"version-history":[{"count":9,"href":"https:\/\/www.marteling.lu\/index.php?rest_route=\/wp\/v2\/pages\/2499\/revisions"}],"predecessor-version":[{"id":2962,"href":"https:\/\/www.marteling.lu\/index.php?rest_route=\/wp\/v2\/pages\/2499\/revisions\/2962"}],"wp:attachment":[{"href":"https:\/\/www.marteling.lu\/index.php?rest_route=%2Fwp%2Fv2%2Fmedia&parent=2499"}],"curies":[{"name":"wp","href":"https:\/\/api.w.org\/{rel}","templated":true}]}}