{"id":1986,"date":"2022-01-02T15:31:42","date_gmt":"2022-01-02T13:31:42","guid":{"rendered":"http:\/\/www.marteling.lu\/?page_id=1986"},"modified":"2025-04-23T10:33:03","modified_gmt":"2025-04-23T08:33:03","slug":"trauerkarten-cartes-de-deuil","status":"publish","type":"page","link":"https:\/\/www.marteling.lu\/?page_id=1986","title":{"rendered":"Personalisierte Trauerkarten"},"content":{"rendered":"\n<p>In Zeiten des Verlustes f\u00e4llt es schwer, die richtigen Worte zu finden. Ich m\u00f6chte Ihnen meine Unterst\u00fctzung anbieten, um eine liebevolle und pers\u00f6nliche Art zu finden, Ihre Gef\u00fchle und Erinnerungen zu teilen.<\/p>\n\n\n\n<p>Ich biete an, Trauerkarten einf\u00fchlsam zu gestalten, die dem Andenken an die verstorbene Person gerecht werden. Wir w\u00e4hlen gemeinsam eine Karte aus, die zum Stil und Charakter der Person passt.<\/p>\n\n\n\n<p>Die Karten werden mit pers\u00f6nlichen Texten, Erinnerungen, Zitaten oder Gedichten gestaltet. Sie k\u00f6nnen auch ein Bild der verstorbenen Person hinzuf\u00fcgen, um die Karten noch pers\u00f6nlicher zu machen.<\/p>\n\n\n\n<p>Es ist mir wichtig, Ihnen w\u00e4hrend dieses sensiblen Prozesses beizustehen und sicherzustellen, dass die Karten Ihre Gef\u00fchle und Gedanken angemessen \u00fcbermitteln.<\/p>\n\n\n\n<p>Bitte kontaktieren Sie mich, wenn Sie Fragen haben oder meine Dienstleistung in Anspruch nehmen m\u00f6chten. Ich m\u00f6chte Ihnen in dieser schweren Zeit Unterst\u00fctzung bieten und die Erinnerung an Ihre geliebte Person respektvoll ehren.<\/p>\n\n\n<style type=\"text\/css\">\n\t#foogallery-gallery-3042 .fg-image {\n        width: 150px;\n    }\n<\/style>\n\t\t\t\t<div class=\"foogallery foogallery-container foogallery-default foogallery-lightbox-foogallery fg-gutter-10 fg-center fg-default fg-light fg-border-thin fg-shadow-outline fg-loading-default fg-loaded-fade-in fg-caption-hover fg-hover-fade fg-hover-zoom fg-ready\" id=\"foogallery-gallery-3042\" data-foogallery=\"{&quot;item&quot;:{&quot;showCaptionTitle&quot;:true,&quot;showCaptionDescription&quot;:true},&quot;lazy&quot;:true}\" data-foogallery-lightbox=\"{&quot;thumbs&quot;:&quot;bottom&quot;,&quot;thumbsCaptions&quot;:false,&quot;thumbsBestFit&quot;:false,&quot;thumbsSmall&quot;:false,&quot;thumbsCaptionsAlign&quot;:&quot;default&quot;,&quot;info&quot;:&quot;bottom&quot;,&quot;infoVisible&quot;:true,&quot;infoOverlay&quot;:true,&quot;infoAlign&quot;:&quot;default&quot;,&quot;transition&quot;:&quot;fade&quot;,&quot;hoverButtons&quot;:false,&quot;fitMedia&quot;:false,&quot;noScrollbars&quot;:true,&quot;preserveButtonSpace&quot;:true,&quot;buttons&quot;:{&quot;fullscreen&quot;:true,&quot;info&quot;:true,&quot;thumbs&quot;:false},&quot;video&quot;:{&quot;autoPlay&quot;:true}}\" >\n\t<div class=\"fg-item fg-type-image fg-idle\"><figure class=\"fg-item-inner\"><a href=\"https:\/\/www.marteling.lu\/wp-content\/uploads\/2025\/04\/trauerkarte.jpg\" data-attachment-id=\"3047\" data-type=\"image\" class=\"fg-thumb\" data-rel=\"lightbox-image-0\" data-rl_title=\"\" data-rl_caption=\"\" title=\"\"><span class=\"fg-image-wrap\"><img decoding=\"async\" width=\"150\" height=\"150\" class=\"skip-lazy fg-image\" data-src-fg=\"https:\/\/www.marteling.lu\/wp-content\/uploads\/cache\/2025\/04\/trauerkarte\/-1308907266.jpg\" src=\"data:image\/svg+xml,%3Csvg%20xmlns%3D%22http%3A%2F%2Fwww.w3.org%2F2000%2Fsvg%22%20width%3D%22150%22%20height%3D%22150%22%20viewBox%3D%220%200%20150%20150%22%3E%3C%2Fsvg%3E\" loading=\"eager\"><\/span><span class=\"fg-image-overlay\"><\/span><\/a><figcaption class=\"fg-caption\"><div class=\"fg-caption-inner\"><\/div><\/figcaption><\/figure><div class=\"fg-loader\"><\/div><\/div><div class=\"fg-item fg-type-image fg-idle\"><figure class=\"fg-item-inner\"><a href=\"https:\/\/www.marteling.lu\/wp-content\/uploads\/2025\/04\/trauerkarte-2.jpg\" data-attachment-id=\"3043\" data-type=\"image\" class=\"fg-thumb\" data-rel=\"lightbox-image-1\" data-rl_title=\"\" data-rl_caption=\"\" title=\"\"><span class=\"fg-image-wrap\"><img decoding=\"async\" width=\"150\" height=\"150\" class=\"skip-lazy fg-image\" data-src-fg=\"https:\/\/www.marteling.lu\/wp-content\/uploads\/cache\/2025\/04\/trauerkarte-2\/-352558693.jpg\" src=\"data:image\/svg+xml,%3Csvg%20xmlns%3D%22http%3A%2F%2Fwww.w3.org%2F2000%2Fsvg%22%20width%3D%22150%22%20height%3D%22150%22%20viewBox%3D%220%200%20150%20150%22%3E%3C%2Fsvg%3E\" loading=\"eager\"><\/span><span class=\"fg-image-overlay\"><\/span><\/a><figcaption class=\"fg-caption\"><div class=\"fg-caption-inner\"><\/div><\/figcaption><\/figure><div class=\"fg-loader\"><\/div><\/div><div class=\"fg-item fg-type-image fg-idle\"><figure class=\"fg-item-inner\"><a href=\"https:\/\/www.marteling.lu\/wp-content\/uploads\/2025\/04\/trauerkarte-3.jpg\" data-attachment-id=\"3044\" data-type=\"image\" class=\"fg-thumb\" data-rel=\"lightbox-image-2\" data-rl_title=\"\" data-rl_caption=\"\" title=\"\"><span class=\"fg-image-wrap\"><img decoding=\"async\" width=\"150\" height=\"150\" class=\"skip-lazy fg-image\" data-src-fg=\"https:\/\/www.marteling.lu\/wp-content\/uploads\/cache\/2025\/04\/trauerkarte-3\/831871690.jpg\" src=\"data:image\/svg+xml,%3Csvg%20xmlns%3D%22http%3A%2F%2Fwww.w3.org%2F2000%2Fsvg%22%20width%3D%22150%22%20height%3D%22150%22%20viewBox%3D%220%200%20150%20150%22%3E%3C%2Fsvg%3E\" loading=\"eager\"><\/span><span class=\"fg-image-overlay\"><\/span><\/a><figcaption class=\"fg-caption\"><div class=\"fg-caption-inner\"><\/div><\/figcaption><\/figure><div class=\"fg-loader\"><\/div><\/div><div class=\"fg-item fg-type-image fg-idle\"><figure class=\"fg-item-inner\"><a href=\"https:\/\/www.marteling.lu\/wp-content\/uploads\/2025\/04\/trauerkarte-4.jpg\" data-attachment-id=\"3045\" data-type=\"image\" class=\"fg-thumb\" data-rel=\"lightbox-image-3\" data-rl_title=\"\" data-rl_caption=\"\" title=\"\"><span class=\"fg-image-wrap\"><img decoding=\"async\" width=\"150\" height=\"150\" class=\"skip-lazy fg-image\" data-src-fg=\"https:\/\/www.marteling.lu\/wp-content\/uploads\/cache\/2025\/04\/trauerkarte-4\/-1232670852.jpg\" src=\"data:image\/svg+xml,%3Csvg%20xmlns%3D%22http%3A%2F%2Fwww.w3.org%2F2000%2Fsvg%22%20width%3D%22150%22%20height%3D%22150%22%20viewBox%3D%220%200%20150%20150%22%3E%3C%2Fsvg%3E\" loading=\"eager\"><\/span><span class=\"fg-image-overlay\"><\/span><\/a><figcaption class=\"fg-caption\"><div class=\"fg-caption-inner\"><\/div><\/figcaption><\/figure><div class=\"fg-loader\"><\/div><\/div><div class=\"fg-item fg-type-image fg-idle\"><figure class=\"fg-item-inner\"><a href=\"https:\/\/www.marteling.lu\/wp-content\/uploads\/2025\/04\/trauerkarte-5.jpg\" data-attachment-id=\"3046\" data-type=\"image\" class=\"fg-thumb\" data-rel=\"lightbox-image-4\" data-rl_title=\"\" data-rl_caption=\"\" title=\"\"><span class=\"fg-image-wrap\"><img decoding=\"async\" width=\"150\" height=\"150\" class=\"skip-lazy fg-image\" data-src-fg=\"https:\/\/www.marteling.lu\/wp-content\/uploads\/cache\/2025\/04\/trauerkarte-5\/925248594.jpg\" src=\"data:image\/svg+xml,%3Csvg%20xmlns%3D%22http%3A%2F%2Fwww.w3.org%2F2000%2Fsvg%22%20width%3D%22150%22%20height%3D%22150%22%20viewBox%3D%220%200%20150%20150%22%3E%3C%2Fsvg%3E\" loading=\"eager\"><\/span><span class=\"fg-image-overlay\"><\/span><\/a><figcaption class=\"fg-caption\"><div class=\"fg-caption-inner\"><\/div><\/figcaption><\/figure><div class=\"fg-loader\"><\/div><\/div><\/div>\n","protected":false},"excerpt":{"rendered":"<p>In Zeiten des Verlustes f\u00e4llt es schwer, die richtigen Worte zu finden. Ich m\u00f6chte Ihnen meine Unterst\u00fctzung anbieten, um eine liebevolle und pers\u00f6nliche Art zu finden, Ihre Gef\u00fchle und Erinnerungen zu teilen. Ich biete an, Trauerkarten einf\u00fchlsam zu gestalten, die dem Andenken an die verstorbene &hellip; <a href=\"https:\/\/www.marteling.lu\/?page_id=1986\" class=\"more-link\"><span>Continue reading<span class=\"screen-reader-text\">Personalisierte Trauerkarten<\/span><\/span><\/a><\/p>\n","protected":false},"author":1,"featured_media":0,"parent":0,"menu_order":0,"comment_status":"closed","ping_status":"closed","template":"","meta":{"footnotes":""},"class_list":["post-1986","page","type-page","status-publish","hentry"],"yoast_head":"<!-- This site is optimized with the Yoast SEO plugin v25.4 - https:\/\/yoast.com\/wordpress\/plugins\/seo\/ -->\n<title>Personalisierte Trauerkarten - Claudine Marteling Photography<\/title>\n<meta name=\"robots\" content=\"index, follow, max-snippet:-1, max-image-preview:large, max-video-preview:-1\" \/>\n<link rel=\"canonical\" href=\"https:\/\/www.marteling.lu\/?page_id=1986\" \/>\n<meta property=\"og:locale\" content=\"de_DE\" \/>\n<meta property=\"og:type\" content=\"article\" \/>\n<meta property=\"og:title\" content=\"Personalisierte Trauerkarten - Claudine Marteling Photography\" \/>\n<meta property=\"og:description\" content=\"In Zeiten des Verlustes f\u00e4llt es schwer, die richtigen Worte zu finden. Ich m\u00f6chte Ihnen meine Unterst\u00fctzung anbieten, um eine liebevolle und pers\u00f6nliche Art zu finden, Ihre Gef\u00fchle und Erinnerungen zu teilen. Ich biete an, Trauerkarten einf\u00fchlsam zu gestalten, die dem Andenken an die verstorbene &hellip; Continue readingPersonalisierte Trauerkarten\" \/>\n<meta property=\"og:url\" content=\"https:\/\/www.marteling.lu\/?page_id=1986\" \/>\n<meta property=\"og:site_name\" content=\"Claudine Marteling Photography\" \/>\n<meta property=\"article:publisher\" content=\"https:\/\/www.facebook.com\/www.photographybycloclo.eu\/\" \/>\n<meta property=\"article:modified_time\" content=\"2025-04-23T08:33:03+00:00\" \/>\n<meta name=\"twitter:card\" content=\"summary_large_image\" \/>\n<meta name=\"twitter:label1\" content=\"Gesch\u00e4tzte Lesezeit\" \/>\n\t<meta name=\"twitter:data1\" content=\"1\u00a0Minute\" \/>\n<script type=\"application\/ld+json\" class=\"yoast-schema-graph\">{\"@context\":\"https:\/\/schema.org\",\"@graph\":[{\"@type\":\"WebPage\",\"@id\":\"https:\/\/www.marteling.lu\/?page_id=1986\",\"url\":\"https:\/\/www.marteling.lu\/?page_id=1986\",\"name\":\"Personalisierte Trauerkarten - Claudine Marteling Photography\",\"isPartOf\":{\"@id\":\"https:\/\/www.marteling.lu\/#website\"},\"datePublished\":\"2022-01-02T13:31:42+00:00\",\"dateModified\":\"2025-04-23T08:33:03+00:00\",\"breadcrumb\":{\"@id\":\"https:\/\/www.marteling.lu\/?page_id=1986#breadcrumb\"},\"inLanguage\":\"de\",\"potentialAction\":[{\"@type\":\"ReadAction\",\"target\":[\"https:\/\/www.marteling.lu\/?page_id=1986\"]}]},{\"@type\":\"BreadcrumbList\",\"@id\":\"https:\/\/www.marteling.lu\/?page_id=1986#breadcrumb\",\"itemListElement\":[{\"@type\":\"ListItem\",\"position\":1,\"name\":\"Home\",\"item\":\"https:\/\/www.marteling.lu\/\"},{\"@type\":\"ListItem\",\"position\":2,\"name\":\"Personalisierte Trauerkarten\"}]},{\"@type\":\"WebSite\",\"@id\":\"https:\/\/www.marteling.lu\/#website\",\"url\":\"https:\/\/www.marteling.lu\/\",\"name\":\"Claudine Marteling Photography\",\"description\":\"Professsional Family Photography &amp; Macro Photography\",\"potentialAction\":[{\"@type\":\"SearchAction\",\"target\":{\"@type\":\"EntryPoint\",\"urlTemplate\":\"https:\/\/www.marteling.lu\/?s={search_term_string}\"},\"query-input\":{\"@type\":\"PropertyValueSpecification\",\"valueRequired\":true,\"valueName\":\"search_term_string\"}}],\"inLanguage\":\"de\"}]}<\/script>\n<!-- \/ Yoast SEO plugin. -->","yoast_head_json":{"title":"Personalisierte Trauerkarten - Claudine Marteling Photography","robots":{"index":"index","follow":"follow","max-snippet":"max-snippet:-1","max-image-preview":"max-image-preview:large","max-video-preview":"max-video-preview:-1"},"canonical":"https:\/\/www.marteling.lu\/?page_id=1986","og_locale":"de_DE","og_type":"article","og_title":"Personalisierte Trauerkarten - Claudine Marteling Photography","og_description":"In Zeiten des Verlustes f\u00e4llt es schwer, die richtigen Worte zu finden. Ich m\u00f6chte Ihnen meine Unterst\u00fctzung anbieten, um eine liebevolle und pers\u00f6nliche Art zu finden, Ihre Gef\u00fchle und Erinnerungen zu teilen. Ich biete an, Trauerkarten einf\u00fchlsam zu gestalten, die dem Andenken an die verstorbene &hellip; Continue readingPersonalisierte Trauerkarten","og_url":"https:\/\/www.marteling.lu\/?page_id=1986","og_site_name":"Claudine Marteling Photography","article_publisher":"https:\/\/www.facebook.com\/www.photographybycloclo.eu\/","article_modified_time":"2025-04-23T08:33:03+00:00","twitter_card":"summary_large_image","twitter_misc":{"Gesch\u00e4tzte Lesezeit":"1\u00a0Minute"},"schema":{"@context":"https:\/\/schema.org","@graph":[{"@type":"WebPage","@id":"https:\/\/www.marteling.lu\/?page_id=1986","url":"https:\/\/www.marteling.lu\/?page_id=1986","name":"Personalisierte Trauerkarten - Claudine Marteling Photography","isPartOf":{"@id":"https:\/\/www.marteling.lu\/#website"},"datePublished":"2022-01-02T13:31:42+00:00","dateModified":"2025-04-23T08:33:03+00:00","breadcrumb":{"@id":"https:\/\/www.marteling.lu\/?page_id=1986#breadcrumb"},"inLanguage":"de","potentialAction":[{"@type":"ReadAction","target":["https:\/\/www.marteling.lu\/?page_id=1986"]}]},{"@type":"BreadcrumbList","@id":"https:\/\/www.marteling.lu\/?page_id=1986#breadcrumb","itemListElement":[{"@type":"ListItem","position":1,"name":"Home","item":"https:\/\/www.marteling.lu\/"},{"@type":"ListItem","position":2,"name":"Personalisierte Trauerkarten"}]},{"@type":"WebSite","@id":"https:\/\/www.marteling.lu\/#website","url":"https:\/\/www.marteling.lu\/","name":"Claudine Marteling Photography","description":"Professsional Family Photography &amp; Macro Photography","potentialAction":[{"@type":"SearchAction","target":{"@type":"EntryPoint","urlTemplate":"https:\/\/www.marteling.lu\/?s={search_term_string}"},"query-input":{"@type":"PropertyValueSpecification","valueRequired":true,"valueName":"search_term_string"}}],"inLanguage":"de"}]}},"_links":{"self":[{"href":"https:\/\/www.marteling.lu\/index.php?rest_route=\/wp\/v2\/pages\/1986","targetHints":{"allow":["GET"]}}],"collection":[{"href":"https:\/\/www.marteling.lu\/index.php?rest_route=\/wp\/v2\/pages"}],"about":[{"href":"https:\/\/www.marteling.lu\/index.php?rest_route=\/wp\/v2\/types\/page"}],"author":[{"embeddable":true,"href":"https:\/\/www.marteling.lu\/index.php?rest_route=\/wp\/v2\/users\/1"}],"replies":[{"embeddable":true,"href":"https:\/\/www.marteling.lu\/index.php?rest_route=%2Fwp%2Fv2%2Fcomments&post=1986"}],"version-history":[{"count":18,"href":"https:\/\/www.marteling.lu\/index.php?rest_route=\/wp\/v2\/pages\/1986\/revisions"}],"predecessor-version":[{"id":3048,"href":"https:\/\/www.marteling.lu\/index.php?rest_route=\/wp\/v2\/pages\/1986\/revisions\/3048"}],"wp:attachment":[{"href":"https:\/\/www.marteling.lu\/index.php?rest_route=%2Fwp%2Fv2%2Fmedia&parent=1986"}],"curies":[{"name":"wp","href":"https:\/\/api.w.org\/{rel}","templated":true}]}}