{"id":1955,"date":"2021-05-04T18:13:09","date_gmt":"2021-05-04T16:13:09","guid":{"rendered":"http:\/\/www.marteling.lu\/?page_id=1955"},"modified":"2025-02-05T09:32:36","modified_gmt":"2025-02-05T07:32:36","slug":"passbilde-passport-fuehrerschein-schule-visa","status":"publish","type":"page","link":"https:\/\/www.marteling.lu\/","title":{"rendered":"PASSBILDER-Schnell &amp; professionnell!"},"content":{"rendered":"\n<p class=\"has-medium-font-size\"><strong><em>Hochwertige<\/em>, <em>pr\u00e4zise<\/em> und <em>professionelle<\/em> Passfotos<\/strong> <strong>sind von gro\u00dfer Bedeutung.<\/strong><\/p>\n\n\n\n<p class=\"has-normal-font-size\">Die <em>Qualit\u00e4t<\/em> und <em>Genauigkeit<\/em> von Passfotos ist entscheidend und spielen eine bedeutende Rolle in Identifikation, Reisen, beruflichen Anwendungen und beh\u00f6rdlichen Angelegenheiten.<\/p>\n\n\n\n<div class=\"wp-block-columns is-layout-flex wp-container-core-columns-is-layout-9d6595d7 wp-block-columns-is-layout-flex\">\n<div class=\"wp-block-column is-layout-flow wp-block-column-is-layout-flow\" style=\"flex-basis:100%\">\n<ul class=\"wp-block-list\">\n<li class=\"has-normal-font-size\"><strong>Ausweisfoto &amp; national oder interational<\/strong><\/li>\n\n\n\n<li><strong>Visaantr\u00e4ge &amp;<\/strong> <strong>Reisepass<\/strong><\/li>\n\n\n\n<li class=\"has-normal-font-size\"><strong>F\u00fchrerschein<\/strong><\/li>\n\n\n\n<li class=\"has-normal-font-size\"><strong>Behinderten Karte<\/strong><\/li>\n\n\n\n<li class=\"has-normal-font-size\"><strong>Studenten- &amp; Sch\u00fclerausweise<\/strong><\/li>\n\n\n\n<li class=\"has-normal-font-size\"><strong>Klassische Bewerbungensfotos<\/strong><\/li>\n\n\n\n<li><strong>Firmenprofile &amp; digitale Visitenkarten<\/strong><\/li>\n\n\n\n<li><strong>Firmenausweise &amp; Zugangskarten<\/strong><\/li>\n\n\n\n<li class=\"has-normal-font-size\"><strong>Lizenzen &amp; Sport &amp; Jagt &amp; Mitgliedskarten<\/strong><\/li>\n<\/ul>\n\n\n\n<h2 class=\"wp-block-heading\"><strong><em><mark style=\"background-color:rgba(0, 0, 0, 0)\" class=\"has-inline-color has-black-color\">&#8222;Auch dein Passbild kann sch\u00f6n sein&#8220;<\/mark><\/em><\/strong><\/h2>\n\n\n\n<figure class=\"wp-block-image size-full\"><img loading=\"lazy\" decoding=\"async\" width=\"591\" height=\"886\" src=\"https:\/\/www.marteling.lu\/wp-content\/uploads\/2025\/02\/passfoto2025-10x15-1.jpg\" alt=\"\" class=\"wp-image-2785\" srcset=\"https:\/\/www.marteling.lu\/wp-content\/uploads\/2025\/02\/passfoto2025-10x15-1.jpg 591w, https:\/\/www.marteling.lu\/wp-content\/uploads\/2025\/02\/passfoto2025-10x15-1-200x300.jpg 200w\" sizes=\"auto, (max-width: 591px) 100vw, 591px\" \/><\/figure>\n\n\n\n<p><strong>Mobiler Passbild-Service \u2013 Wir kommen zu Ihnen!<\/strong><\/p>\n\n\n\n<p>Falls es Ihnen nicht m\u00f6glich ist, zu uns zu kommen, bieten wir einen <strong>mobilen Passbild-Service<\/strong> an. Ich komme gerne <strong>zu Ihnen nach Hause oder ins Altersheim<\/strong>, um professionelle Passbilder direkt vor Ort zu erstellen. So erhalten Sie ganz unkompliziert g\u00fcltige Fotos f\u00fcr Ihre Dokumente \u2013 ohne Stress und ohne Anfahrtsweg.<\/p>\n\n\n\n<p>Einfach Termin vereinbaren und ich k\u00fcmmere mich um den Rest! &#x1f60a;<\/p>\n<\/div>\n<\/div>\n\n\n\n<div class=\"wp-block-buttons is-layout-flex wp-block-buttons-is-layout-flex\">\n<div class=\"wp-block-button has-custom-width wp-block-button__width-100\"><a class=\"wp-block-button__link wp-element-button\" href=\"https:\/\/www.marteling.lu\/oeffnungszeiten\/\">BUCHE einen Termin<\/a><\/div>\n<\/div>\n","protected":false},"excerpt":{"rendered":"<p>Hochwertige, pr\u00e4zise und professionelle Passfotos sind von gro\u00dfer Bedeutung. Die Qualit\u00e4t und Genauigkeit von Passfotos ist entscheidend und spielen eine bedeutende Rolle in Identifikation, Reisen, beruflichen Anwendungen und beh\u00f6rdlichen Angelegenheiten. &#8222;Auch dein Passbild kann sch\u00f6n sein&#8220; Mobiler Passbild-Service \u2013 Wir kommen zu Ihnen! Falls es &hellip; <a href=\"https:\/\/www.marteling.lu\/\" class=\"more-link\"><span>Continue reading<span class=\"screen-reader-text\">PASSBILDER-Schnell &amp; professionnell!<\/span><\/span><\/a><\/p>\n","protected":false},"author":1,"featured_media":0,"parent":0,"menu_order":0,"comment_status":"closed","ping_status":"closed","template":"","meta":{"footnotes":""},"class_list":["post-1955","page","type-page","status-publish","hentry"],"yoast_head":"<!-- This site is optimized with the Yoast SEO plugin v25.4 - https:\/\/yoast.com\/wordpress\/plugins\/seo\/ -->\n<title>PASSBILDER-Schnell &amp; professionnell! - Claudine Marteling Photography<\/title>\n<meta name=\"description\" content=\"Ausweisfoto\/national oder interationalF\u00fchrerscheinBehinderten KarteSch\u00fclerausweisLebenslaufLizenzenAusl\u00e4ndisches Visa\" \/>\n<meta name=\"robots\" content=\"index, follow, max-snippet:-1, max-image-preview:large, max-video-preview:-1\" \/>\n<link rel=\"canonical\" href=\"https:\/\/www.marteling.lu\/\" \/>\n<meta property=\"og:locale\" content=\"de_DE\" \/>\n<meta property=\"og:type\" content=\"article\" \/>\n<meta property=\"og:title\" content=\"PASSBILDER-Schnell &amp; professionnell! - Claudine Marteling Photography\" \/>\n<meta property=\"og:description\" content=\"Ausweisfoto\/national oder interationalF\u00fchrerscheinBehinderten KarteSch\u00fclerausweisLebenslaufLizenzenAusl\u00e4ndisches Visa\" \/>\n<meta property=\"og:url\" content=\"https:\/\/www.marteling.lu\/\" \/>\n<meta property=\"og:site_name\" content=\"Claudine Marteling Photography\" \/>\n<meta property=\"article:publisher\" content=\"https:\/\/www.facebook.com\/www.photographybycloclo.eu\/\" \/>\n<meta property=\"article:modified_time\" content=\"2025-02-05T07:32:36+00:00\" \/>\n<meta property=\"og:image\" content=\"https:\/\/www.marteling.lu\/wp-content\/uploads\/2025\/02\/passfoto2025-10x15-1.jpg\" \/>\n<meta name=\"twitter:card\" content=\"summary_large_image\" \/>\n<meta name=\"twitter:label1\" content=\"Gesch\u00e4tzte Lesezeit\" \/>\n\t<meta name=\"twitter:data1\" content=\"1\u00a0Minute\" \/>\n<script type=\"application\/ld+json\" class=\"yoast-schema-graph\">{\"@context\":\"https:\/\/schema.org\",\"@graph\":[{\"@type\":\"WebPage\",\"@id\":\"https:\/\/www.marteling.lu\/\",\"url\":\"https:\/\/www.marteling.lu\/\",\"name\":\"PASSBILDER-Schnell &amp; professionnell! - Claudine Marteling Photography\",\"isPartOf\":{\"@id\":\"https:\/\/www.marteling.lu\/#website\"},\"primaryImageOfPage\":{\"@id\":\"https:\/\/www.marteling.lu\/#primaryimage\"},\"image\":{\"@id\":\"https:\/\/www.marteling.lu\/#primaryimage\"},\"thumbnailUrl\":\"https:\/\/www.marteling.lu\/wp-content\/uploads\/2025\/02\/passfoto2025-10x15-1.jpg\",\"datePublished\":\"2021-05-04T16:13:09+00:00\",\"dateModified\":\"2025-02-05T07:32:36+00:00\",\"description\":\"Ausweisfoto\/national oder interationalF\u00fchrerscheinBehinderten KarteSch\u00fclerausweisLebenslaufLizenzenAusl\u00e4ndisches Visa\",\"breadcrumb\":{\"@id\":\"https:\/\/www.marteling.lu\/#breadcrumb\"},\"inLanguage\":\"de\",\"potentialAction\":[{\"@type\":\"ReadAction\",\"target\":[\"https:\/\/www.marteling.lu\/\"]}]},{\"@type\":\"ImageObject\",\"inLanguage\":\"de\",\"@id\":\"https:\/\/www.marteling.lu\/#primaryimage\",\"url\":\"https:\/\/www.marteling.lu\/wp-content\/uploads\/2025\/02\/passfoto2025-10x15-1.jpg\",\"contentUrl\":\"https:\/\/www.marteling.lu\/wp-content\/uploads\/2025\/02\/passfoto2025-10x15-1.jpg\",\"width\":591,\"height\":886},{\"@type\":\"BreadcrumbList\",\"@id\":\"https:\/\/www.marteling.lu\/#breadcrumb\",\"itemListElement\":[{\"@type\":\"ListItem\",\"position\":1,\"name\":\"Home\",\"item\":\"https:\/\/www.marteling.lu\/\"},{\"@type\":\"ListItem\",\"position\":2,\"name\":\"PASSBILDER-Schnell &amp; professionnell!\"}]},{\"@type\":\"WebSite\",\"@id\":\"https:\/\/www.marteling.lu\/#website\",\"url\":\"https:\/\/www.marteling.lu\/\",\"name\":\"Claudine Marteling Photography\",\"description\":\"Professsional Family Photography &amp; Macro Photography\",\"potentialAction\":[{\"@type\":\"SearchAction\",\"target\":{\"@type\":\"EntryPoint\",\"urlTemplate\":\"https:\/\/www.marteling.lu\/?s={search_term_string}\"},\"query-input\":{\"@type\":\"PropertyValueSpecification\",\"valueRequired\":true,\"valueName\":\"search_term_string\"}}],\"inLanguage\":\"de\"}]}<\/script>\n<!-- \/ Yoast SEO plugin. -->","yoast_head_json":{"title":"PASSBILDER-Schnell &amp; professionnell! - Claudine Marteling Photography","description":"Ausweisfoto\/national oder interationalF\u00fchrerscheinBehinderten KarteSch\u00fclerausweisLebenslaufLizenzenAusl\u00e4ndisches Visa","robots":{"index":"index","follow":"follow","max-snippet":"max-snippet:-1","max-image-preview":"max-image-preview:large","max-video-preview":"max-video-preview:-1"},"canonical":"https:\/\/www.marteling.lu\/","og_locale":"de_DE","og_type":"article","og_title":"PASSBILDER-Schnell &amp; professionnell! - Claudine Marteling Photography","og_description":"Ausweisfoto\/national oder interationalF\u00fchrerscheinBehinderten KarteSch\u00fclerausweisLebenslaufLizenzenAusl\u00e4ndisches Visa","og_url":"https:\/\/www.marteling.lu\/","og_site_name":"Claudine Marteling Photography","article_publisher":"https:\/\/www.facebook.com\/www.photographybycloclo.eu\/","article_modified_time":"2025-02-05T07:32:36+00:00","og_image":[{"url":"https:\/\/www.marteling.lu\/wp-content\/uploads\/2025\/02\/passfoto2025-10x15-1.jpg","type":"","width":"","height":""}],"twitter_card":"summary_large_image","twitter_misc":{"Gesch\u00e4tzte Lesezeit":"1\u00a0Minute"},"schema":{"@context":"https:\/\/schema.org","@graph":[{"@type":"WebPage","@id":"https:\/\/www.marteling.lu\/","url":"https:\/\/www.marteling.lu\/","name":"PASSBILDER-Schnell &amp; professionnell! - Claudine Marteling Photography","isPartOf":{"@id":"https:\/\/www.marteling.lu\/#website"},"primaryImageOfPage":{"@id":"https:\/\/www.marteling.lu\/#primaryimage"},"image":{"@id":"https:\/\/www.marteling.lu\/#primaryimage"},"thumbnailUrl":"https:\/\/www.marteling.lu\/wp-content\/uploads\/2025\/02\/passfoto2025-10x15-1.jpg","datePublished":"2021-05-04T16:13:09+00:00","dateModified":"2025-02-05T07:32:36+00:00","description":"Ausweisfoto\/national oder interationalF\u00fchrerscheinBehinderten KarteSch\u00fclerausweisLebenslaufLizenzenAusl\u00e4ndisches Visa","breadcrumb":{"@id":"https:\/\/www.marteling.lu\/#breadcrumb"},"inLanguage":"de","potentialAction":[{"@type":"ReadAction","target":["https:\/\/www.marteling.lu\/"]}]},{"@type":"ImageObject","inLanguage":"de","@id":"https:\/\/www.marteling.lu\/#primaryimage","url":"https:\/\/www.marteling.lu\/wp-content\/uploads\/2025\/02\/passfoto2025-10x15-1.jpg","contentUrl":"https:\/\/www.marteling.lu\/wp-content\/uploads\/2025\/02\/passfoto2025-10x15-1.jpg","width":591,"height":886},{"@type":"BreadcrumbList","@id":"https:\/\/www.marteling.lu\/#breadcrumb","itemListElement":[{"@type":"ListItem","position":1,"name":"Home","item":"https:\/\/www.marteling.lu\/"},{"@type":"ListItem","position":2,"name":"PASSBILDER-Schnell &amp; professionnell!"}]},{"@type":"WebSite","@id":"https:\/\/www.marteling.lu\/#website","url":"https:\/\/www.marteling.lu\/","name":"Claudine Marteling Photography","description":"Professsional Family Photography &amp; Macro Photography","potentialAction":[{"@type":"SearchAction","target":{"@type":"EntryPoint","urlTemplate":"https:\/\/www.marteling.lu\/?s={search_term_string}"},"query-input":{"@type":"PropertyValueSpecification","valueRequired":true,"valueName":"search_term_string"}}],"inLanguage":"de"}]}},"_links":{"self":[{"href":"https:\/\/www.marteling.lu\/index.php?rest_route=\/wp\/v2\/pages\/1955","targetHints":{"allow":["GET"]}}],"collection":[{"href":"https:\/\/www.marteling.lu\/index.php?rest_route=\/wp\/v2\/pages"}],"about":[{"href":"https:\/\/www.marteling.lu\/index.php?rest_route=\/wp\/v2\/types\/page"}],"author":[{"embeddable":true,"href":"https:\/\/www.marteling.lu\/index.php?rest_route=\/wp\/v2\/users\/1"}],"replies":[{"embeddable":true,"href":"https:\/\/www.marteling.lu\/index.php?rest_route=%2Fwp%2Fv2%2Fcomments&post=1955"}],"version-history":[{"count":34,"href":"https:\/\/www.marteling.lu\/index.php?rest_route=\/wp\/v2\/pages\/1955\/revisions"}],"predecessor-version":[{"id":2790,"href":"https:\/\/www.marteling.lu\/index.php?rest_route=\/wp\/v2\/pages\/1955\/revisions\/2790"}],"wp:attachment":[{"href":"https:\/\/www.marteling.lu\/index.php?rest_route=%2Fwp%2Fv2%2Fmedia&parent=1955"}],"curies":[{"name":"wp","href":"https:\/\/api.w.org\/{rel}","templated":true}]}}