{"id":176,"date":"2017-05-08T21:22:58","date_gmt":"2017-05-08T19:22:58","guid":{"rendered":"http:\/\/www.marteling.lu\/?page_id=176"},"modified":"2026-01-30T15:30:49","modified_gmt":"2026-01-30T13:30:49","slug":"oeffnungszeiten-oeffungszeiten","status":"publish","type":"page","link":"https:\/\/www.marteling.lu\/?page_id=176","title":{"rendered":"\u00d6FFNUNGSZEITEN"},"content":{"rendered":"\n<p class=\"has-normal-font-size\">Herzlich willkommen!<\/p>\n\n\n\n<p class=\"has-large-font-size\"><strong>&#8222;<mark style=\"background-color:rgba(0, 0, 0, 0)\" class=\"has-inline-color has-medium-black-color\">Kontaktieren Sie mich, um einen Termin zu vereinbaren!&#8220;<\/mark><\/strong><\/p>\n\n\n\n<p class=\"has-normal-font-size\">\u201eIch arbeite <strong><em><mark style=\"background-color:rgba(0, 0, 0, 0)\" class=\"has-inline-color has-medium-black-color\">nur nach Terminvereinbarung,<\/mark><\/em><\/strong> da ich als Einzelperson arbeite und mir so gen\u00fcgend Zeit f\u00fcr jedes Shooting nehmen kann.\u201c<\/p>\n\n\n\n<p>Was die <em><strong>Parkm\u00f6glichkeiten<\/strong><\/em> betrifft, stehen Ihnen entlang<br>der Stra\u00dfe ausreichend Parkpl\u00e4tze zur Verf\u00fcgung.<\/p>\n\n\n\n<p>Danke f\u00fcr Ihr Verst\u00e4ndnis! &#x1f64c; Bei Fragen, einfach anrufen! &#x260e;&#xfe0f;<br><strong><em>T\u00e9l. 20 40 73 41 oder per E-Mail unter <\/em><\/strong><em>{<\/em><strong><em>info@marteling.lu<\/em><\/strong>}<\/p>\n\n\n\n<figure class=\"wp-block-image size-medium\"><img loading=\"lazy\" decoding=\"async\" width=\"300\" height=\"290\" src=\"https:\/\/www.marteling.lu\/wp-content\/uploads\/2025\/02\/symbol-300x290.jpg\" alt=\"\" class=\"wp-image-2803\" srcset=\"https:\/\/www.marteling.lu\/wp-content\/uploads\/2025\/02\/symbol-300x290.jpg 300w, https:\/\/www.marteling.lu\/wp-content\/uploads\/2025\/02\/symbol.jpg 591w\" sizes=\"auto, (max-width: 300px) 100vw, 300px\" \/><\/figure>\n","protected":false},"excerpt":{"rendered":"<p>Herzlich willkommen! &#8222;Kontaktieren Sie mich, um einen Termin zu vereinbaren!&#8220; \u201eIch arbeite nur nach Terminvereinbarung, da ich als Einzelperson arbeite und mir so gen\u00fcgend Zeit f\u00fcr jedes Shooting nehmen kann.\u201c Was die Parkm\u00f6glichkeiten betrifft, stehen Ihnen entlangder Stra\u00dfe ausreichend Parkpl\u00e4tze zur Verf\u00fcgung. Danke f\u00fcr Ihr &hellip; <a href=\"https:\/\/www.marteling.lu\/?page_id=176\" class=\"more-link\"><span>Continue reading<span class=\"screen-reader-text\">\u00d6FFNUNGSZEITEN<\/span><\/span><\/a><\/p>\n","protected":false},"author":1,"featured_media":0,"parent":0,"menu_order":0,"comment_status":"closed","ping_status":"closed","template":"","meta":{"footnotes":""},"class_list":["post-176","page","type-page","status-publish","hentry"],"yoast_head":"<!-- This site is optimized with the Yoast SEO plugin v25.4 - https:\/\/yoast.com\/wordpress\/plugins\/seo\/ -->\n<title>\u00d6FFNUNGSZEITEN - Claudine Marteling Photography<\/title>\n<meta name=\"description\" content=\"\u00f6ffungszeiten Gesch\u00e4ftszeiten Betriebszeiten Arbeitszeiten Servicezeiten Empfangszeiten Verf\u00fcgbarkeitszeiten Anwesenheitszeiten\" \/>\n<meta name=\"robots\" content=\"index, follow, max-snippet:-1, max-image-preview:large, max-video-preview:-1\" \/>\n<link rel=\"canonical\" href=\"https:\/\/www.marteling.lu\/?page_id=176\" \/>\n<meta property=\"og:locale\" content=\"de_DE\" \/>\n<meta property=\"og:type\" content=\"article\" \/>\n<meta property=\"og:title\" content=\"\u00d6FFNUNGSZEITEN - Claudine Marteling Photography\" \/>\n<meta property=\"og:description\" content=\"\u00f6ffungszeiten Gesch\u00e4ftszeiten Betriebszeiten Arbeitszeiten Servicezeiten Empfangszeiten Verf\u00fcgbarkeitszeiten Anwesenheitszeiten\" \/>\n<meta property=\"og:url\" content=\"https:\/\/www.marteling.lu\/?page_id=176\" \/>\n<meta property=\"og:site_name\" content=\"Claudine Marteling Photography\" \/>\n<meta property=\"article:publisher\" content=\"https:\/\/www.facebook.com\/www.photographybycloclo.eu\/\" \/>\n<meta property=\"article:modified_time\" content=\"2026-01-30T13:30:49+00:00\" \/>\n<meta property=\"og:image\" content=\"https:\/\/www.marteling.lu\/wp-content\/uploads\/2025\/02\/symbol.jpg\" \/>\n\t<meta property=\"og:image:width\" content=\"591\" \/>\n\t<meta property=\"og:image:height\" content=\"571\" \/>\n\t<meta property=\"og:image:type\" content=\"image\/jpeg\" \/>\n<meta name=\"twitter:card\" content=\"summary_large_image\" \/>\n<meta name=\"twitter:label1\" content=\"Gesch\u00e4tzte Lesezeit\" \/>\n\t<meta name=\"twitter:data1\" content=\"1\u00a0Minute\" \/>\n<script type=\"application\/ld+json\" class=\"yoast-schema-graph\">{\"@context\":\"https:\/\/schema.org\",\"@graph\":[{\"@type\":\"WebPage\",\"@id\":\"https:\/\/www.marteling.lu\/?page_id=176\",\"url\":\"https:\/\/www.marteling.lu\/?page_id=176\",\"name\":\"\u00d6FFNUNGSZEITEN - Claudine Marteling Photography\",\"isPartOf\":{\"@id\":\"https:\/\/www.marteling.lu\/#website\"},\"primaryImageOfPage\":{\"@id\":\"https:\/\/www.marteling.lu\/?page_id=176#primaryimage\"},\"image\":{\"@id\":\"https:\/\/www.marteling.lu\/?page_id=176#primaryimage\"},\"thumbnailUrl\":\"https:\/\/www.marteling.lu\/wp-content\/uploads\/2025\/02\/symbol-300x290.jpg\",\"datePublished\":\"2017-05-08T19:22:58+00:00\",\"dateModified\":\"2026-01-30T13:30:49+00:00\",\"description\":\"\u00f6ffungszeiten Gesch\u00e4ftszeiten Betriebszeiten Arbeitszeiten Servicezeiten Empfangszeiten Verf\u00fcgbarkeitszeiten Anwesenheitszeiten\",\"breadcrumb\":{\"@id\":\"https:\/\/www.marteling.lu\/?page_id=176#breadcrumb\"},\"inLanguage\":\"de\",\"potentialAction\":[{\"@type\":\"ReadAction\",\"target\":[\"https:\/\/www.marteling.lu\/?page_id=176\"]}]},{\"@type\":\"ImageObject\",\"inLanguage\":\"de\",\"@id\":\"https:\/\/www.marteling.lu\/?page_id=176#primaryimage\",\"url\":\"https:\/\/www.marteling.lu\/wp-content\/uploads\/2025\/02\/symbol.jpg\",\"contentUrl\":\"https:\/\/www.marteling.lu\/wp-content\/uploads\/2025\/02\/symbol.jpg\",\"width\":591,\"height\":571},{\"@type\":\"BreadcrumbList\",\"@id\":\"https:\/\/www.marteling.lu\/?page_id=176#breadcrumb\",\"itemListElement\":[{\"@type\":\"ListItem\",\"position\":1,\"name\":\"Home\",\"item\":\"https:\/\/www.marteling.lu\/\"},{\"@type\":\"ListItem\",\"position\":2,\"name\":\"\u00d6FFNUNGSZEITEN\"}]},{\"@type\":\"WebSite\",\"@id\":\"https:\/\/www.marteling.lu\/#website\",\"url\":\"https:\/\/www.marteling.lu\/\",\"name\":\"Claudine Marteling Photography\",\"description\":\"Professsional Family Photography &amp; Macro Photography\",\"potentialAction\":[{\"@type\":\"SearchAction\",\"target\":{\"@type\":\"EntryPoint\",\"urlTemplate\":\"https:\/\/www.marteling.lu\/?s={search_term_string}\"},\"query-input\":{\"@type\":\"PropertyValueSpecification\",\"valueRequired\":true,\"valueName\":\"search_term_string\"}}],\"inLanguage\":\"de\"}]}<\/script>\n<!-- \/ Yoast SEO plugin. -->","yoast_head_json":{"title":"\u00d6FFNUNGSZEITEN - Claudine Marteling Photography","description":"\u00f6ffungszeiten Gesch\u00e4ftszeiten Betriebszeiten Arbeitszeiten Servicezeiten Empfangszeiten Verf\u00fcgbarkeitszeiten Anwesenheitszeiten","robots":{"index":"index","follow":"follow","max-snippet":"max-snippet:-1","max-image-preview":"max-image-preview:large","max-video-preview":"max-video-preview:-1"},"canonical":"https:\/\/www.marteling.lu\/?page_id=176","og_locale":"de_DE","og_type":"article","og_title":"\u00d6FFNUNGSZEITEN - Claudine Marteling Photography","og_description":"\u00f6ffungszeiten Gesch\u00e4ftszeiten Betriebszeiten Arbeitszeiten Servicezeiten Empfangszeiten Verf\u00fcgbarkeitszeiten Anwesenheitszeiten","og_url":"https:\/\/www.marteling.lu\/?page_id=176","og_site_name":"Claudine Marteling Photography","article_publisher":"https:\/\/www.facebook.com\/www.photographybycloclo.eu\/","article_modified_time":"2026-01-30T13:30:49+00:00","og_image":[{"width":591,"height":571,"url":"https:\/\/www.marteling.lu\/wp-content\/uploads\/2025\/02\/symbol.jpg","type":"image\/jpeg"}],"twitter_card":"summary_large_image","twitter_misc":{"Gesch\u00e4tzte Lesezeit":"1\u00a0Minute"},"schema":{"@context":"https:\/\/schema.org","@graph":[{"@type":"WebPage","@id":"https:\/\/www.marteling.lu\/?page_id=176","url":"https:\/\/www.marteling.lu\/?page_id=176","name":"\u00d6FFNUNGSZEITEN - Claudine Marteling Photography","isPartOf":{"@id":"https:\/\/www.marteling.lu\/#website"},"primaryImageOfPage":{"@id":"https:\/\/www.marteling.lu\/?page_id=176#primaryimage"},"image":{"@id":"https:\/\/www.marteling.lu\/?page_id=176#primaryimage"},"thumbnailUrl":"https:\/\/www.marteling.lu\/wp-content\/uploads\/2025\/02\/symbol-300x290.jpg","datePublished":"2017-05-08T19:22:58+00:00","dateModified":"2026-01-30T13:30:49+00:00","description":"\u00f6ffungszeiten Gesch\u00e4ftszeiten Betriebszeiten Arbeitszeiten Servicezeiten Empfangszeiten Verf\u00fcgbarkeitszeiten Anwesenheitszeiten","breadcrumb":{"@id":"https:\/\/www.marteling.lu\/?page_id=176#breadcrumb"},"inLanguage":"de","potentialAction":[{"@type":"ReadAction","target":["https:\/\/www.marteling.lu\/?page_id=176"]}]},{"@type":"ImageObject","inLanguage":"de","@id":"https:\/\/www.marteling.lu\/?page_id=176#primaryimage","url":"https:\/\/www.marteling.lu\/wp-content\/uploads\/2025\/02\/symbol.jpg","contentUrl":"https:\/\/www.marteling.lu\/wp-content\/uploads\/2025\/02\/symbol.jpg","width":591,"height":571},{"@type":"BreadcrumbList","@id":"https:\/\/www.marteling.lu\/?page_id=176#breadcrumb","itemListElement":[{"@type":"ListItem","position":1,"name":"Home","item":"https:\/\/www.marteling.lu\/"},{"@type":"ListItem","position":2,"name":"\u00d6FFNUNGSZEITEN"}]},{"@type":"WebSite","@id":"https:\/\/www.marteling.lu\/#website","url":"https:\/\/www.marteling.lu\/","name":"Claudine Marteling Photography","description":"Professsional Family Photography &amp; Macro Photography","potentialAction":[{"@type":"SearchAction","target":{"@type":"EntryPoint","urlTemplate":"https:\/\/www.marteling.lu\/?s={search_term_string}"},"query-input":{"@type":"PropertyValueSpecification","valueRequired":true,"valueName":"search_term_string"}}],"inLanguage":"de"}]}},"_links":{"self":[{"href":"https:\/\/www.marteling.lu\/index.php?rest_route=\/wp\/v2\/pages\/176","targetHints":{"allow":["GET"]}}],"collection":[{"href":"https:\/\/www.marteling.lu\/index.php?rest_route=\/wp\/v2\/pages"}],"about":[{"href":"https:\/\/www.marteling.lu\/index.php?rest_route=\/wp\/v2\/types\/page"}],"author":[{"embeddable":true,"href":"https:\/\/www.marteling.lu\/index.php?rest_route=\/wp\/v2\/users\/1"}],"replies":[{"embeddable":true,"href":"https:\/\/www.marteling.lu\/index.php?rest_route=%2Fwp%2Fv2%2Fcomments&post=176"}],"version-history":[{"count":86,"href":"https:\/\/www.marteling.lu\/index.php?rest_route=\/wp\/v2\/pages\/176\/revisions"}],"predecessor-version":[{"id":3138,"href":"https:\/\/www.marteling.lu\/index.php?rest_route=\/wp\/v2\/pages\/176\/revisions\/3138"}],"wp:attachment":[{"href":"https:\/\/www.marteling.lu\/index.php?rest_route=%2Fwp%2Fv2%2Fmedia&parent=176"}],"curies":[{"name":"wp","href":"https:\/\/api.w.org\/{rel}","templated":true}]}}