{"id":157,"date":"2017-05-08T21:04:02","date_gmt":"2017-05-08T19:04:02","guid":{"rendered":"http:\/\/www.marteling.lu\/?page_id=157"},"modified":"2026-01-19T10:38:45","modified_gmt":"2026-01-19T08:38:45","slug":"ueber-mich","status":"publish","type":"page","link":"https:\/\/www.marteling.lu\/?page_id=157","title":{"rendered":"\u00dcber mich"},"content":{"rendered":"\n<p>Als leidenschaftliche <strong>Fotografin<\/strong> und <strong>Grafikdesignerin<\/strong><br>liegt mein klarer Fokus auf der Schaffung <em><strong>authentischer<\/strong><\/em>, <em><strong>echter<\/strong><\/em> und <em><strong>nat\u00fcrlicher<\/strong><\/em> Fotos.<\/p>\n\n\n\n<p>In enger <em>Zusammenarbeit mit Dir<\/em> strebe ich danach, die wahre Sch\u00f6nheit deiner Pers\u00f6nlichkeit und deiner Umgebung einzufangen.<\/p>\n\n\n\n<p>Meine <em>Mission<\/em> ist es, nicht blo\u00df Fotos zu machen, sondern die einzigarte Essenz deiner <em><strong>Individualit\u00e4t<\/strong><\/em>, was dich auszeichnet einzufangen.<\/p>\n\n\n<div class=\"wp-block-image is-style-rounded\">\n<figure class=\"aligncenter size-full is-resized\"><img loading=\"lazy\" decoding=\"async\" width=\"591\" height=\"886\" src=\"https:\/\/www.marteling.lu\/wp-content\/uploads\/2025\/04\/Cloblinkblink2025.jpg\" alt=\"\" class=\"wp-image-2933\" style=\"aspect-ratio:2\/3;object-fit:cover;width:218px;height:auto\" srcset=\"https:\/\/www.marteling.lu\/wp-content\/uploads\/2025\/04\/Cloblinkblink2025.jpg 591w, https:\/\/www.marteling.lu\/wp-content\/uploads\/2025\/04\/Cloblinkblink2025-200x300.jpg 200w\" sizes=\"auto, (max-width: 591px) 100vw, 591px\" \/><\/figure><\/div>\n\n\n<h4 class=\"wp-block-heading\">Ich halte Deine besonderen Momente fest \u2013 von <strong>Familienfotos, Schwangerschaft und Neugeborenenbildern<\/strong> bis hin zu <strong>Kommunion, standesamtlichen Hochzeiten und Familienfeiern<\/strong>.<\/h4>\n\n\n\n<p>&#x1f4f8; <strong>Passbilder<\/strong> \u2013 professionell, auch mobil bei Dir zu Hause oder im Altersheim.<br>&#x1f3e2; <strong>Firmenfotos &amp; Business-Portr\u00e4ts<\/strong> \u2013 authentische Bilder f\u00fcr Ihr Unternehmen.<br>&#x1f31f; <strong>Social-Media-Portr\u00e4ts<\/strong> \u2013 professionelle Bilder f\u00fcr LinkedIn, Instagram &amp; Co.<br>&#x1f48c; <strong>Individuelle Danksagungs- &amp; Trauerkarten<\/strong> mit pers\u00f6nlicher Gestaltung.<br>&#x1f33f; <strong>Naturfotografien<\/strong> \u2013 erh\u00e4ltlich in meinem Shop.<\/p>\n\n\n\n<p>Ich freue mich, Deine Erinnerungen und Deine Marke in Bildern festzuhalten!<\/p>\n\n\n\n<figure data-wp-context=\"{&quot;imageId&quot;:&quot;69e39d26a576d&quot;}\" data-wp-interactive=\"core\/image\" class=\"wp-block-image size-large is-style-default wp-lightbox-container\"><img loading=\"lazy\" decoding=\"async\" width=\"1024\" height=\"724\" data-wp-class--hide=\"state.isContentHidden\" data-wp-class--show=\"state.isContentVisible\" data-wp-init=\"callbacks.setButtonStyles\" data-wp-on-async--click=\"actions.showLightbox\" data-wp-on-async--load=\"callbacks.setButtonStyles\" data-wp-on-async-window--resize=\"callbacks.setButtonStyles\" src=\"https:\/\/www.marteling.lu\/wp-content\/uploads\/2026\/01\/wasichmache-1024x724.jpg\" alt=\"\" class=\"wp-image-3129\" srcset=\"https:\/\/www.marteling.lu\/wp-content\/uploads\/2026\/01\/wasichmache-1024x724.jpg 1024w, https:\/\/www.marteling.lu\/wp-content\/uploads\/2026\/01\/wasichmache-300x212.jpg 300w, https:\/\/www.marteling.lu\/wp-content\/uploads\/2026\/01\/wasichmache-768x543.jpg 768w, https:\/\/www.marteling.lu\/wp-content\/uploads\/2026\/01\/wasichmache-1536x1086.jpg 1536w, https:\/\/www.marteling.lu\/wp-content\/uploads\/2026\/01\/wasichmache-2048x1448.jpg 2048w, https:\/\/www.marteling.lu\/wp-content\/uploads\/2026\/01\/wasichmache-600x424.jpg 600w\" sizes=\"auto, (max-width: 1024px) 100vw, 1024px\" \/><button\n\t\t\tclass=\"lightbox-trigger\"\n\t\t\ttype=\"button\"\n\t\t\taria-haspopup=\"dialog\"\n\t\t\taria-label=\"Vergr\u00f6\u00dfern\"\n\t\t\tdata-wp-init=\"callbacks.initTriggerButton\"\n\t\t\tdata-wp-on-async--click=\"actions.showLightbox\"\n\t\t\tdata-wp-style--right=\"state.imageButtonRight\"\n\t\t\tdata-wp-style--top=\"state.imageButtonTop\"\n\t\t>\n\t\t\t<svg xmlns=\"http:\/\/www.w3.org\/2000\/svg\" width=\"12\" height=\"12\" fill=\"none\" viewBox=\"0 0 12 12\">\n\t\t\t\t<path fill=\"#fff\" d=\"M2 0a2 2 0 0 0-2 2v2h1.5V2a.5.5 0 0 1 .5-.5h2V0H2Zm2 10.5H2a.5.5 0 0 1-.5-.5V8H0v2a2 2 0 0 0 2 2h2v-1.5ZM8 12v-1.5h2a.5.5 0 0 0 .5-.5V8H12v2a2 2 0 0 1-2 2H8Zm2-12a2 2 0 0 1 2 2v2h-1.5V2a.5.5 0 0 0-.5-.5H8V0h2Z\" \/>\n\t\t\t<\/svg>\n\t\t<\/button><\/figure>\n\n\n<div class=\"wp-block-image\">\n<figure class=\"aligncenter size-full is-resized\"><img loading=\"lazy\" decoding=\"async\" width=\"591\" height=\"605\" src=\"https:\/\/www.marteling.lu\/wp-content\/uploads\/2025\/01\/logoklein2025-1.jpg\" alt=\"\" class=\"wp-image-2698\" style=\"aspect-ratio:1;object-fit:cover;width:200px\" srcset=\"https:\/\/www.marteling.lu\/wp-content\/uploads\/2025\/01\/logoklein2025-1.jpg 591w, https:\/\/www.marteling.lu\/wp-content\/uploads\/2025\/01\/logoklein2025-1-293x300.jpg 293w\" sizes=\"auto, (max-width: 591px) 100vw, 591px\" \/><\/figure><\/div>\n\n\n<div class=\"wp-block-buttons is-content-justification-center is-layout-flex wp-container-core-buttons-is-layout-16018d1d wp-block-buttons-is-layout-flex\">\n<div class=\"wp-block-button\"><a class=\"wp-block-button__link wp-element-button\" href=\"https:\/\/www.marteling.lu\/oeffnungszeiten\/\">Vereinbaren Sie jetzt Ihren Termin!<\/a><\/div>\n<\/div>\n","protected":false},"excerpt":{"rendered":"<p>Als leidenschaftliche Fotografin und Grafikdesignerinliegt mein klarer Fokus auf der Schaffung authentischer, echter und nat\u00fcrlicher Fotos. In enger Zusammenarbeit mit Dir strebe ich danach, die wahre Sch\u00f6nheit deiner Pers\u00f6nlichkeit und deiner Umgebung einzufangen. Meine Mission ist es, nicht blo\u00df Fotos zu machen, sondern die einzigarte &hellip; <a href=\"https:\/\/www.marteling.lu\/?page_id=157\" class=\"more-link\"><span>Continue reading<span class=\"screen-reader-text\">\u00dcber mich<\/span><\/span><\/a><\/p>\n","protected":false},"author":1,"featured_media":0,"parent":0,"menu_order":0,"comment_status":"closed","ping_status":"closed","template":"","meta":{"footnotes":""},"class_list":["post-157","page","type-page","status-publish","hentry"],"yoast_head":"<!-- This site is optimized with the Yoast SEO plugin v25.4 - https:\/\/yoast.com\/wordpress\/plugins\/seo\/ -->\n<title>\u00dcber mich - Claudine Marteling Photography<\/title>\n<meta name=\"robots\" content=\"index, follow, max-snippet:-1, max-image-preview:large, max-video-preview:-1\" \/>\n<link rel=\"canonical\" href=\"https:\/\/www.marteling.lu\/?page_id=157\" \/>\n<meta property=\"og:locale\" content=\"de_DE\" \/>\n<meta property=\"og:type\" content=\"article\" \/>\n<meta property=\"og:title\" content=\"\u00dcber mich - Claudine Marteling Photography\" \/>\n<meta property=\"og:description\" content=\"Als leidenschaftliche Fotografin und Grafikdesignerinliegt mein klarer Fokus auf der Schaffung authentischer, echter und nat\u00fcrlicher Fotos. In enger Zusammenarbeit mit Dir strebe ich danach, die wahre Sch\u00f6nheit deiner Pers\u00f6nlichkeit und deiner Umgebung einzufangen. Meine Mission ist es, nicht blo\u00df Fotos zu machen, sondern die einzigarte &hellip; Continue reading\u00dcber mich\" \/>\n<meta property=\"og:url\" content=\"https:\/\/www.marteling.lu\/?page_id=157\" \/>\n<meta property=\"og:site_name\" content=\"Claudine Marteling Photography\" \/>\n<meta property=\"article:publisher\" content=\"https:\/\/www.facebook.com\/www.photographybycloclo.eu\/\" \/>\n<meta property=\"article:modified_time\" content=\"2026-01-19T08:38:45+00:00\" \/>\n<meta property=\"og:image\" content=\"https:\/\/www.marteling.lu\/wp-content\/uploads\/2025\/04\/Cloblinkblink2025.jpg\" \/>\n\t<meta property=\"og:image:width\" content=\"591\" \/>\n\t<meta property=\"og:image:height\" content=\"886\" \/>\n\t<meta property=\"og:image:type\" content=\"image\/jpeg\" \/>\n<meta name=\"twitter:card\" content=\"summary_large_image\" \/>\n<meta name=\"twitter:label1\" content=\"Gesch\u00e4tzte Lesezeit\" \/>\n\t<meta name=\"twitter:data1\" content=\"2\u00a0Minuten\" \/>\n<script type=\"application\/ld+json\" class=\"yoast-schema-graph\">{\"@context\":\"https:\/\/schema.org\",\"@graph\":[{\"@type\":\"WebPage\",\"@id\":\"https:\/\/www.marteling.lu\/?page_id=157\",\"url\":\"https:\/\/www.marteling.lu\/?page_id=157\",\"name\":\"\u00dcber mich - Claudine Marteling Photography\",\"isPartOf\":{\"@id\":\"https:\/\/www.marteling.lu\/#website\"},\"primaryImageOfPage\":{\"@id\":\"https:\/\/www.marteling.lu\/?page_id=157#primaryimage\"},\"image\":{\"@id\":\"https:\/\/www.marteling.lu\/?page_id=157#primaryimage\"},\"thumbnailUrl\":\"https:\/\/www.marteling.lu\/wp-content\/uploads\/2025\/04\/Cloblinkblink2025.jpg\",\"datePublished\":\"2017-05-08T19:04:02+00:00\",\"dateModified\":\"2026-01-19T08:38:45+00:00\",\"breadcrumb\":{\"@id\":\"https:\/\/www.marteling.lu\/?page_id=157#breadcrumb\"},\"inLanguage\":\"de\",\"potentialAction\":[{\"@type\":\"ReadAction\",\"target\":[\"https:\/\/www.marteling.lu\/?page_id=157\"]}]},{\"@type\":\"ImageObject\",\"inLanguage\":\"de\",\"@id\":\"https:\/\/www.marteling.lu\/?page_id=157#primaryimage\",\"url\":\"https:\/\/www.marteling.lu\/wp-content\/uploads\/2025\/04\/Cloblinkblink2025.jpg\",\"contentUrl\":\"https:\/\/www.marteling.lu\/wp-content\/uploads\/2025\/04\/Cloblinkblink2025.jpg\",\"width\":591,\"height\":886},{\"@type\":\"BreadcrumbList\",\"@id\":\"https:\/\/www.marteling.lu\/?page_id=157#breadcrumb\",\"itemListElement\":[{\"@type\":\"ListItem\",\"position\":1,\"name\":\"Home\",\"item\":\"https:\/\/www.marteling.lu\/\"},{\"@type\":\"ListItem\",\"position\":2,\"name\":\"\u00dcber mich\"}]},{\"@type\":\"WebSite\",\"@id\":\"https:\/\/www.marteling.lu\/#website\",\"url\":\"https:\/\/www.marteling.lu\/\",\"name\":\"Claudine Marteling Photography\",\"description\":\"Professsional Family Photography &amp; Macro Photography\",\"potentialAction\":[{\"@type\":\"SearchAction\",\"target\":{\"@type\":\"EntryPoint\",\"urlTemplate\":\"https:\/\/www.marteling.lu\/?s={search_term_string}\"},\"query-input\":{\"@type\":\"PropertyValueSpecification\",\"valueRequired\":true,\"valueName\":\"search_term_string\"}}],\"inLanguage\":\"de\"}]}<\/script>\n<!-- \/ Yoast SEO plugin. -->","yoast_head_json":{"title":"\u00dcber mich - Claudine Marteling Photography","robots":{"index":"index","follow":"follow","max-snippet":"max-snippet:-1","max-image-preview":"max-image-preview:large","max-video-preview":"max-video-preview:-1"},"canonical":"https:\/\/www.marteling.lu\/?page_id=157","og_locale":"de_DE","og_type":"article","og_title":"\u00dcber mich - Claudine Marteling Photography","og_description":"Als leidenschaftliche Fotografin und Grafikdesignerinliegt mein klarer Fokus auf der Schaffung authentischer, echter und nat\u00fcrlicher Fotos. In enger Zusammenarbeit mit Dir strebe ich danach, die wahre Sch\u00f6nheit deiner Pers\u00f6nlichkeit und deiner Umgebung einzufangen. Meine Mission ist es, nicht blo\u00df Fotos zu machen, sondern die einzigarte &hellip; Continue reading\u00dcber mich","og_url":"https:\/\/www.marteling.lu\/?page_id=157","og_site_name":"Claudine Marteling Photography","article_publisher":"https:\/\/www.facebook.com\/www.photographybycloclo.eu\/","article_modified_time":"2026-01-19T08:38:45+00:00","og_image":[{"width":591,"height":886,"url":"https:\/\/www.marteling.lu\/wp-content\/uploads\/2025\/04\/Cloblinkblink2025.jpg","type":"image\/jpeg"}],"twitter_card":"summary_large_image","twitter_misc":{"Gesch\u00e4tzte Lesezeit":"2\u00a0Minuten"},"schema":{"@context":"https:\/\/schema.org","@graph":[{"@type":"WebPage","@id":"https:\/\/www.marteling.lu\/?page_id=157","url":"https:\/\/www.marteling.lu\/?page_id=157","name":"\u00dcber mich - Claudine Marteling Photography","isPartOf":{"@id":"https:\/\/www.marteling.lu\/#website"},"primaryImageOfPage":{"@id":"https:\/\/www.marteling.lu\/?page_id=157#primaryimage"},"image":{"@id":"https:\/\/www.marteling.lu\/?page_id=157#primaryimage"},"thumbnailUrl":"https:\/\/www.marteling.lu\/wp-content\/uploads\/2025\/04\/Cloblinkblink2025.jpg","datePublished":"2017-05-08T19:04:02+00:00","dateModified":"2026-01-19T08:38:45+00:00","breadcrumb":{"@id":"https:\/\/www.marteling.lu\/?page_id=157#breadcrumb"},"inLanguage":"de","potentialAction":[{"@type":"ReadAction","target":["https:\/\/www.marteling.lu\/?page_id=157"]}]},{"@type":"ImageObject","inLanguage":"de","@id":"https:\/\/www.marteling.lu\/?page_id=157#primaryimage","url":"https:\/\/www.marteling.lu\/wp-content\/uploads\/2025\/04\/Cloblinkblink2025.jpg","contentUrl":"https:\/\/www.marteling.lu\/wp-content\/uploads\/2025\/04\/Cloblinkblink2025.jpg","width":591,"height":886},{"@type":"BreadcrumbList","@id":"https:\/\/www.marteling.lu\/?page_id=157#breadcrumb","itemListElement":[{"@type":"ListItem","position":1,"name":"Home","item":"https:\/\/www.marteling.lu\/"},{"@type":"ListItem","position":2,"name":"\u00dcber mich"}]},{"@type":"WebSite","@id":"https:\/\/www.marteling.lu\/#website","url":"https:\/\/www.marteling.lu\/","name":"Claudine Marteling Photography","description":"Professsional Family Photography &amp; Macro Photography","potentialAction":[{"@type":"SearchAction","target":{"@type":"EntryPoint","urlTemplate":"https:\/\/www.marteling.lu\/?s={search_term_string}"},"query-input":{"@type":"PropertyValueSpecification","valueRequired":true,"valueName":"search_term_string"}}],"inLanguage":"de"}]}},"_links":{"self":[{"href":"https:\/\/www.marteling.lu\/index.php?rest_route=\/wp\/v2\/pages\/157","targetHints":{"allow":["GET"]}}],"collection":[{"href":"https:\/\/www.marteling.lu\/index.php?rest_route=\/wp\/v2\/pages"}],"about":[{"href":"https:\/\/www.marteling.lu\/index.php?rest_route=\/wp\/v2\/types\/page"}],"author":[{"embeddable":true,"href":"https:\/\/www.marteling.lu\/index.php?rest_route=\/wp\/v2\/users\/1"}],"replies":[{"embeddable":true,"href":"https:\/\/www.marteling.lu\/index.php?rest_route=%2Fwp%2Fv2%2Fcomments&post=157"}],"version-history":[{"count":43,"href":"https:\/\/www.marteling.lu\/index.php?rest_route=\/wp\/v2\/pages\/157\/revisions"}],"predecessor-version":[{"id":3130,"href":"https:\/\/www.marteling.lu\/index.php?rest_route=\/wp\/v2\/pages\/157\/revisions\/3130"}],"wp:attachment":[{"href":"https:\/\/www.marteling.lu\/index.php?rest_route=%2Fwp%2Fv2%2Fmedia&parent=157"}],"curies":[{"name":"wp","href":"https:\/\/api.w.org\/{rel}","templated":true}]}}